{"id":1455,"date":"2022-10-12T10:45:43","date_gmt":"2022-10-12T08:45:43","guid":{"rendered":"https:\/\/ludens.cz\/?post_type=product&#038;p=1455"},"modified":"2022-10-12T10:45:43","modified_gmt":"2022-10-12T08:45:43","slug":"truhla","status":"publish","type":"product","link":"https:\/\/ludens.cz\/en\/product\/truhla\/","title":{"rendered":"truhla"},"content":{"rendered":"","protected":false},"excerpt":{"rendered":"<p>kr\u00e1tk\u00fd popis<\/p>","protected":false},"featured_media":0,"template":"","meta":{"site-sidebar-layout":"default","site-content-layout":"default","ast-site-content-layout":"default","site-content-style":"default","site-sidebar-style":"default","ast-global-header-display":"","ast-banner-title-visibility":"","ast-main-header-display":"","ast-hfb-above-header-display":"","ast-hfb-below-header-display":"","ast-hfb-mobile-header-display":"","site-post-title":"","ast-breadcrumbs-content":"","ast-featured-img":"","footer-sml-layout":"","ast-disable-related-posts":"","theme-transparent-header-meta":"default","adv-header-id-meta":"","stick-header-meta":"","header-above-stick-meta":"","header-main-stick-meta":"","header-below-stick-meta":"","astra-migrate-meta-layouts":"default","ast-page-background-enabled":"default","ast-page-background-meta":{"desktop":{"background-color":"var(--ast-global-color-4)","background-image":"","background-repeat":"repeat","background-position":"center center","background-size":"auto","background-attachment":"scroll","background-type":"","background-media":"","overlay-type":"","overlay-color":"","overlay-opacity":"","overlay-gradient":""},"tablet":{"background-color":"","background-image":"","background-repeat":"repeat","background-position":"center center","background-size":"auto","background-attachment":"scroll","background-type":"","background-media":"","overlay-type":"","overlay-color":"","overlay-opacity":"","overlay-gradient":""},"mobile":{"background-color":"","background-image":"","background-repeat":"repeat","background-position":"center center","background-size":"auto","background-attachment":"scroll","background-type":"","background-media":"","overlay-type":"","overlay-color":"","overlay-opacity":"","overlay-gradient":""}},"ast-content-background-meta":{"desktop":{"background-color":"var(--ast-global-color-5)","background-image":"","background-repeat":"repeat","background-position":"center center","background-size":"auto","background-attachment":"scroll","background-type":"","background-media":"","overlay-type":"","overlay-color":"","overlay-opacity":"","overlay-gradient":""},"tablet":{"background-color":"var(--ast-global-color-5)","background-image":"","background-repeat":"repeat","background-position":"center center","background-size":"auto","background-attachment":"scroll","background-type":"","background-media":"","overlay-type":"","overlay-color":"","overlay-opacity":"","overlay-gradient":""},"mobile":{"background-color":"var(--ast-global-color-5)","background-image":"","background-repeat":"repeat","background-position":"center center","background-size":"auto","background-attachment":"scroll","background-type":"","background-media":"","overlay-type":"","overlay-color":"","overlay-opacity":"","overlay-gradient":""}}},"product_brand":[],"product_cat":[31],"product_tag":[],"class_list":{"0":"post-1455","1":"product","2":"type-product","3":"status-publish","5":"product_cat-nezarazene","6":"desktop-align-center","7":"tablet-align-left","8":"mobile-align-left","10":"first","11":"instock","12":"sold-individually","13":"shipping-taxable","14":"purchasable","15":"product-type-booking"},"yoast_head":"<!-- This site is optimized with the Yoast SEO plugin v27.5 - https:\/\/yoast.com\/product\/yoast-seo-wordpress\/ -->\n<title>truhla - ludens.cz<\/title>\n<meta name=\"robots\" content=\"index, follow, max-snippet:-1, max-image-preview:large, max-video-preview:-1\" \/>\n<link rel=\"canonical\" href=\"https:\/\/ludens.cz\/en\/product\/truhla\/\" \/>\n<meta property=\"og:locale\" content=\"en_US\" \/>\n<meta property=\"og:type\" content=\"article\" \/>\n<meta property=\"og:title\" content=\"truhla - ludens.cz\" \/>\n<meta property=\"og:description\" content=\"kr\u00e1tk\u00fd popis\" \/>\n<meta property=\"og:url\" content=\"https:\/\/ludens.cz\/en\/product\/truhla\/\" \/>\n<meta property=\"og:site_name\" content=\"ludens.cz\" \/>\n<meta property=\"article:publisher\" content=\"https:\/\/www.facebook.com\/ludens.cz\/\" \/>\n<meta name=\"twitter:card\" content=\"summary_large_image\" \/>\n<script type=\"application\/ld+json\" class=\"yoast-schema-graph\">{\"@context\":\"https:\\\/\\\/schema.org\",\"@graph\":[{\"@type\":\"WebPage\",\"@id\":\"https:\\\/\\\/ludens.cz\\\/produkt\\\/truhla\\\/\",\"url\":\"https:\\\/\\\/ludens.cz\\\/produkt\\\/truhla\\\/\",\"name\":\"truhla - ludens.cz\",\"isPartOf\":{\"@id\":\"https:\\\/\\\/ludens.cz\\\/#website\"},\"datePublished\":\"2022-10-12T08:45:43+00:00\",\"breadcrumb\":{\"@id\":\"https:\\\/\\\/ludens.cz\\\/produkt\\\/truhla\\\/#breadcrumb\"},\"inLanguage\":\"en-US\",\"potentialAction\":[{\"@type\":\"ReadAction\",\"target\":[\"https:\\\/\\\/ludens.cz\\\/produkt\\\/truhla\\\/\"]}]},{\"@type\":\"BreadcrumbList\",\"@id\":\"https:\\\/\\\/ludens.cz\\\/produkt\\\/truhla\\\/#breadcrumb\",\"itemListElement\":[{\"@type\":\"ListItem\",\"position\":1,\"name\":\"Dom\u016f\",\"item\":\"https:\\\/\\\/ludens.cz\\\/\"},{\"@type\":\"ListItem\",\"position\":2,\"name\":\"Obchod\",\"item\":\"https:\\\/\\\/ludens.cz\\\/obchod\\\/\"},{\"@type\":\"ListItem\",\"position\":3,\"name\":\"truhla\"}]},{\"@type\":\"WebSite\",\"@id\":\"https:\\\/\\\/ludens.cz\\\/#website\",\"url\":\"https:\\\/\\\/ludens.cz\\\/\",\"name\":\"ludens.cz\",\"description\":\"\u00fanikov\u00e9 hry a firemn\u00ed akce\",\"publisher\":{\"@id\":\"https:\\\/\\\/ludens.cz\\\/#organization\"},\"potentialAction\":[{\"@type\":\"SearchAction\",\"target\":{\"@type\":\"EntryPoint\",\"urlTemplate\":\"https:\\\/\\\/ludens.cz\\\/?s={search_term_string}\"},\"query-input\":{\"@type\":\"PropertyValueSpecification\",\"valueRequired\":true,\"valueName\":\"search_term_string\"}}],\"inLanguage\":\"en-US\"},{\"@type\":\"Organization\",\"@id\":\"https:\\\/\\\/ludens.cz\\\/#organization\",\"name\":\"Ludens\",\"url\":\"https:\\\/\\\/ludens.cz\\\/\",\"logo\":{\"@type\":\"ImageObject\",\"inLanguage\":\"en-US\",\"@id\":\"https:\\\/\\\/ludens.cz\\\/#\\\/schema\\\/logo\\\/image\\\/\",\"url\":\"https:\\\/\\\/ludens.cz\\\/wp-content\\\/uploads\\\/2019\\\/10\\\/ludens_logo_cmyk-na_bile.png\",\"contentUrl\":\"https:\\\/\\\/ludens.cz\\\/wp-content\\\/uploads\\\/2019\\\/10\\\/ludens_logo_cmyk-na_bile.png\",\"width\":1541,\"height\":681,\"caption\":\"Ludens\"},\"image\":{\"@id\":\"https:\\\/\\\/ludens.cz\\\/#\\\/schema\\\/logo\\\/image\\\/\"},\"sameAs\":[\"https:\\\/\\\/www.facebook.com\\\/ludens.cz\\\/\"]}]}<\/script>\n<!-- \/ Yoast SEO plugin. -->","yoast_head_json":{"title":"truhla - ludens.cz","robots":{"index":"index","follow":"follow","max-snippet":"max-snippet:-1","max-image-preview":"max-image-preview:large","max-video-preview":"max-video-preview:-1"},"canonical":"https:\/\/ludens.cz\/en\/product\/truhla\/","og_locale":"en_US","og_type":"article","og_title":"truhla - ludens.cz","og_description":"kr\u00e1tk\u00fd popis","og_url":"https:\/\/ludens.cz\/en\/product\/truhla\/","og_site_name":"ludens.cz","article_publisher":"https:\/\/www.facebook.com\/ludens.cz\/","twitter_card":"summary_large_image","schema":{"@context":"https:\/\/schema.org","@graph":[{"@type":"WebPage","@id":"https:\/\/ludens.cz\/produkt\/truhla\/","url":"https:\/\/ludens.cz\/produkt\/truhla\/","name":"truhla - ludens.cz","isPartOf":{"@id":"https:\/\/ludens.cz\/#website"},"datePublished":"2022-10-12T08:45:43+00:00","breadcrumb":{"@id":"https:\/\/ludens.cz\/produkt\/truhla\/#breadcrumb"},"inLanguage":"en-US","potentialAction":[{"@type":"ReadAction","target":["https:\/\/ludens.cz\/produkt\/truhla\/"]}]},{"@type":"BreadcrumbList","@id":"https:\/\/ludens.cz\/produkt\/truhla\/#breadcrumb","itemListElement":[{"@type":"ListItem","position":1,"name":"Dom\u016f","item":"https:\/\/ludens.cz\/"},{"@type":"ListItem","position":2,"name":"Obchod","item":"https:\/\/ludens.cz\/obchod\/"},{"@type":"ListItem","position":3,"name":"truhla"}]},{"@type":"WebSite","@id":"https:\/\/ludens.cz\/#website","url":"https:\/\/ludens.cz\/","name":"ludens.cz","description":"\u00fanikov\u00e9 hry a firemn\u00ed akce","publisher":{"@id":"https:\/\/ludens.cz\/#organization"},"potentialAction":[{"@type":"SearchAction","target":{"@type":"EntryPoint","urlTemplate":"https:\/\/ludens.cz\/?s={search_term_string}"},"query-input":{"@type":"PropertyValueSpecification","valueRequired":true,"valueName":"search_term_string"}}],"inLanguage":"en-US"},{"@type":"Organization","@id":"https:\/\/ludens.cz\/#organization","name":"Ludens","url":"https:\/\/ludens.cz\/","logo":{"@type":"ImageObject","inLanguage":"en-US","@id":"https:\/\/ludens.cz\/#\/schema\/logo\/image\/","url":"https:\/\/ludens.cz\/wp-content\/uploads\/2019\/10\/ludens_logo_cmyk-na_bile.png","contentUrl":"https:\/\/ludens.cz\/wp-content\/uploads\/2019\/10\/ludens_logo_cmyk-na_bile.png","width":1541,"height":681,"caption":"Ludens"},"image":{"@id":"https:\/\/ludens.cz\/#\/schema\/logo\/image\/"},"sameAs":["https:\/\/www.facebook.com\/ludens.cz\/"]}]}},"jetpack_sharing_enabled":true,"_links":{"self":[{"href":"https:\/\/ludens.cz\/en\/wp-json\/wp\/v2\/product\/1455","targetHints":{"allow":["GET"]}}],"collection":[{"href":"https:\/\/ludens.cz\/en\/wp-json\/wp\/v2\/product"}],"about":[{"href":"https:\/\/ludens.cz\/en\/wp-json\/wp\/v2\/types\/product"}],"wp:attachment":[{"href":"https:\/\/ludens.cz\/en\/wp-json\/wp\/v2\/media?parent=1455"}],"wp:term":[{"taxonomy":"product_brand","embeddable":true,"href":"https:\/\/ludens.cz\/en\/wp-json\/wp\/v2\/product_brand?post=1455"},{"taxonomy":"product_cat","embeddable":true,"href":"https:\/\/ludens.cz\/en\/wp-json\/wp\/v2\/product_cat?post=1455"},{"taxonomy":"product_tag","embeddable":true,"href":"https:\/\/ludens.cz\/en\/wp-json\/wp\/v2\/product_tag?post=1455"}],"curies":[{"name":"wp","href":"https:\/\/api.w.org\/{rel}","templated":true}]}}