{"id":1296,"date":"2022-10-03T09:12:13","date_gmt":"2022-10-03T07:12:13","guid":{"rendered":"https:\/\/ludens.cz\/?post_type=product&#038;p=1296"},"modified":"2022-10-07T11:45:43","modified_gmt":"2022-10-07T09:45:43","slug":"hra-navic","status":"publish","type":"product","link":"https:\/\/ludens.cz\/en\/product\/hra-navic\/","title":{"rendered":"Hra nav\u00edc"},"content":{"rendered":"","protected":false},"excerpt":{"rendered":"<p>Pom\u011b\u0159te s\u00edly s dal\u0161\u00ed t\u00fdmem. Uvid\u00edme kdo objev\u00ed pir\u00e1tsk\u00fd poklad d\u0159\u00edve.<\/p>\n<p>\u00danikov\u00fd box je v z\u00e1kladu nastaven\u00fd pouze na jednu hru. Pokud chcete hr\u00e1t znovu, dod\u00e1me v\u00e1m n\u00e1vod jak hru p\u0159ipravit a nav\u00fd\u0161\u00edme v\u00e1m po\u010det her v hern\u00edm po\u010d\u00edta\u010di<\/p>","protected":false},"featured_media":1408,"template":"","meta":{"site-sidebar-layout":"default","site-content-layout":"default","ast-site-content-layout":"default","site-content-style":"default","site-sidebar-style":"default","ast-global-header-display":"","ast-banner-title-visibility":"","ast-main-header-display":"","ast-hfb-above-header-display":"","ast-hfb-below-header-display":"","ast-hfb-mobile-header-display":"","site-post-title":"","ast-breadcrumbs-content":"","ast-featured-img":"","footer-sml-layout":"","ast-disable-related-posts":"","theme-transparent-header-meta":"default","adv-header-id-meta":"","stick-header-meta":"","header-above-stick-meta":"","header-main-stick-meta":"","header-below-stick-meta":"","astra-migrate-meta-layouts":"default","ast-page-background-enabled":"default","ast-page-background-meta":{"desktop":{"background-color":"var(--ast-global-color-4)","background-image":"","background-repeat":"repeat","background-position":"center center","background-size":"auto","background-attachment":"scroll","background-type":"","background-media":"","overlay-type":"","overlay-color":"","overlay-opacity":"","overlay-gradient":""},"tablet":{"background-color":"","background-image":"","background-repeat":"repeat","background-position":"center center","background-size":"auto","background-attachment":"scroll","background-type":"","background-media":"","overlay-type":"","overlay-color":"","overlay-opacity":"","overlay-gradient":""},"mobile":{"background-color":"","background-image":"","background-repeat":"repeat","background-position":"center center","background-size":"auto","background-attachment":"scroll","background-type":"","background-media":"","overlay-type":"","overlay-color":"","overlay-opacity":"","overlay-gradient":""}},"ast-content-background-meta":{"desktop":{"background-color":"var(--ast-global-color-5)","background-image":"","background-repeat":"repeat","background-position":"center center","background-size":"auto","background-attachment":"scroll","background-type":"","background-media":"","overlay-type":"","overlay-color":"","overlay-opacity":"","overlay-gradient":""},"tablet":{"background-color":"var(--ast-global-color-5)","background-image":"","background-repeat":"repeat","background-position":"center center","background-size":"auto","background-attachment":"scroll","background-type":"","background-media":"","overlay-type":"","overlay-color":"","overlay-opacity":"","overlay-gradient":""},"mobile":{"background-color":"var(--ast-global-color-5)","background-image":"","background-repeat":"repeat","background-position":"center center","background-size":"auto","background-attachment":"scroll","background-type":"","background-media":"","overlay-type":"","overlay-color":"","overlay-opacity":"","overlay-gradient":""}}},"product_brand":[],"product_cat":[47],"product_tag":[56,53,49,50],"class_list":{"0":"post-1296","1":"product","2":"type-product","3":"status-publish","4":"has-post-thumbnail","6":"product_cat-unikovy-box","7":"product_tag-escape-box","8":"product_tag-escape-puzzle","9":"product_tag-quest-box","10":"product_tag-unikova-hra","11":"desktop-align-center","12":"tablet-align-left","13":"mobile-align-left","15":"first","16":"instock","17":"virtual","18":"purchasable","19":"product-type-simple"},"yoast_head":"<!-- This site is optimized with the Yoast SEO plugin v27.5 - https:\/\/yoast.com\/product\/yoast-seo-wordpress\/ -->\n<title>Hra nav\u00edc - ludens.cz<\/title>\n<meta name=\"robots\" content=\"index, follow, max-snippet:-1, max-image-preview:large, max-video-preview:-1\" \/>\n<link rel=\"canonical\" href=\"https:\/\/ludens.cz\/en\/product\/hra-navic\/\" \/>\n<meta property=\"og:locale\" content=\"en_US\" \/>\n<meta property=\"og:type\" content=\"article\" \/>\n<meta property=\"og:title\" content=\"Hra nav\u00edc - ludens.cz\" \/>\n<meta property=\"og:description\" content=\"Pom\u011b\u0159te s\u00edly s dal\u0161\u00ed t\u00fdmem. Uvid\u00edme kdo objev\u00ed pir\u00e1tsk\u00fd poklad d\u0159\u00edve.  \u00danikov\u00fd box je v z\u00e1kladu nastaven\u00fd pouze na jednu hru. Pokud chcete hr\u00e1t znovu, dod\u00e1me v\u00e1m n\u00e1vod jak hru p\u0159ipravit a nav\u00fd\u0161\u00edme v\u00e1m po\u010det her v hern\u00edm po\u010d\u00edta\u010di\" \/>\n<meta property=\"og:url\" content=\"https:\/\/ludens.cz\/en\/product\/hra-navic\/\" \/>\n<meta property=\"og:site_name\" content=\"ludens.cz\" \/>\n<meta property=\"article:publisher\" content=\"https:\/\/www.facebook.com\/ludens.cz\/\" \/>\n<meta property=\"article:modified_time\" content=\"2022-10-07T09:45:43+00:00\" \/>\n<meta property=\"og:image\" content=\"https:\/\/ludens.cz\/wp-content\/uploads\/2022\/10\/e15af0_60b8ff7aeea24c4e9c939ea508a0417d_mv2.jpg\" \/>\n\t<meta property=\"og:image:width\" content=\"606\" \/>\n\t<meta property=\"og:image:height\" content=\"536\" \/>\n\t<meta property=\"og:image:type\" content=\"image\/jpeg\" \/>\n<meta name=\"twitter:card\" content=\"summary_large_image\" \/>\n<meta name=\"twitter:label1\" content=\"Est. reading time\" \/>\n\t<meta name=\"twitter:data1\" content=\"1 minute\" \/>\n<script type=\"application\/ld+json\" class=\"yoast-schema-graph\">{\"@context\":\"https:\\\/\\\/schema.org\",\"@graph\":[{\"@type\":\"WebPage\",\"@id\":\"https:\\\/\\\/ludens.cz\\\/produkt\\\/hra-navic\\\/\",\"url\":\"https:\\\/\\\/ludens.cz\\\/produkt\\\/hra-navic\\\/\",\"name\":\"Hra nav\u00edc - ludens.cz\",\"isPartOf\":{\"@id\":\"https:\\\/\\\/ludens.cz\\\/#website\"},\"primaryImageOfPage\":{\"@id\":\"https:\\\/\\\/ludens.cz\\\/produkt\\\/hra-navic\\\/#primaryimage\"},\"image\":{\"@id\":\"https:\\\/\\\/ludens.cz\\\/produkt\\\/hra-navic\\\/#primaryimage\"},\"thumbnailUrl\":\"https:\\\/\\\/ludens.cz\\\/wp-content\\\/uploads\\\/2022\\\/10\\\/e15af0_60b8ff7aeea24c4e9c939ea508a0417d_mv2.jpg\",\"datePublished\":\"2022-10-03T07:12:13+00:00\",\"dateModified\":\"2022-10-07T09:45:43+00:00\",\"breadcrumb\":{\"@id\":\"https:\\\/\\\/ludens.cz\\\/produkt\\\/hra-navic\\\/#breadcrumb\"},\"inLanguage\":\"en-US\",\"potentialAction\":[{\"@type\":\"ReadAction\",\"target\":[\"https:\\\/\\\/ludens.cz\\\/produkt\\\/hra-navic\\\/\"]}]},{\"@type\":\"ImageObject\",\"inLanguage\":\"en-US\",\"@id\":\"https:\\\/\\\/ludens.cz\\\/produkt\\\/hra-navic\\\/#primaryimage\",\"url\":\"https:\\\/\\\/ludens.cz\\\/wp-content\\\/uploads\\\/2022\\\/10\\\/e15af0_60b8ff7aeea24c4e9c939ea508a0417d_mv2.jpg\",\"contentUrl\":\"https:\\\/\\\/ludens.cz\\\/wp-content\\\/uploads\\\/2022\\\/10\\\/e15af0_60b8ff7aeea24c4e9c939ea508a0417d_mv2.jpg\",\"width\":606,\"height\":536,\"caption\":\"escape box\"},{\"@type\":\"BreadcrumbList\",\"@id\":\"https:\\\/\\\/ludens.cz\\\/produkt\\\/hra-navic\\\/#breadcrumb\",\"itemListElement\":[{\"@type\":\"ListItem\",\"position\":1,\"name\":\"Dom\u016f\",\"item\":\"https:\\\/\\\/ludens.cz\\\/\"},{\"@type\":\"ListItem\",\"position\":2,\"name\":\"Obchod\",\"item\":\"https:\\\/\\\/ludens.cz\\\/obchod\\\/\"},{\"@type\":\"ListItem\",\"position\":3,\"name\":\"Hra nav\u00edc\"}]},{\"@type\":\"WebSite\",\"@id\":\"https:\\\/\\\/ludens.cz\\\/#website\",\"url\":\"https:\\\/\\\/ludens.cz\\\/\",\"name\":\"ludens.cz\",\"description\":\"\u00fanikov\u00e9 hry a firemn\u00ed akce\",\"publisher\":{\"@id\":\"https:\\\/\\\/ludens.cz\\\/#organization\"},\"potentialAction\":[{\"@type\":\"SearchAction\",\"target\":{\"@type\":\"EntryPoint\",\"urlTemplate\":\"https:\\\/\\\/ludens.cz\\\/?s={search_term_string}\"},\"query-input\":{\"@type\":\"PropertyValueSpecification\",\"valueRequired\":true,\"valueName\":\"search_term_string\"}}],\"inLanguage\":\"en-US\"},{\"@type\":\"Organization\",\"@id\":\"https:\\\/\\\/ludens.cz\\\/#organization\",\"name\":\"Ludens\",\"url\":\"https:\\\/\\\/ludens.cz\\\/\",\"logo\":{\"@type\":\"ImageObject\",\"inLanguage\":\"en-US\",\"@id\":\"https:\\\/\\\/ludens.cz\\\/#\\\/schema\\\/logo\\\/image\\\/\",\"url\":\"https:\\\/\\\/ludens.cz\\\/wp-content\\\/uploads\\\/2019\\\/10\\\/ludens_logo_cmyk-na_bile.png\",\"contentUrl\":\"https:\\\/\\\/ludens.cz\\\/wp-content\\\/uploads\\\/2019\\\/10\\\/ludens_logo_cmyk-na_bile.png\",\"width\":1541,\"height\":681,\"caption\":\"Ludens\"},\"image\":{\"@id\":\"https:\\\/\\\/ludens.cz\\\/#\\\/schema\\\/logo\\\/image\\\/\"},\"sameAs\":[\"https:\\\/\\\/www.facebook.com\\\/ludens.cz\\\/\"]}]}<\/script>\n<!-- \/ Yoast SEO plugin. -->","yoast_head_json":{"title":"Hra nav\u00edc - ludens.cz","robots":{"index":"index","follow":"follow","max-snippet":"max-snippet:-1","max-image-preview":"max-image-preview:large","max-video-preview":"max-video-preview:-1"},"canonical":"https:\/\/ludens.cz\/en\/product\/hra-navic\/","og_locale":"en_US","og_type":"article","og_title":"Hra nav\u00edc - ludens.cz","og_description":"Pom\u011b\u0159te s\u00edly s dal\u0161\u00ed t\u00fdmem. Uvid\u00edme kdo objev\u00ed pir\u00e1tsk\u00fd poklad d\u0159\u00edve.  \u00danikov\u00fd box je v z\u00e1kladu nastaven\u00fd pouze na jednu hru. Pokud chcete hr\u00e1t znovu, dod\u00e1me v\u00e1m n\u00e1vod jak hru p\u0159ipravit a nav\u00fd\u0161\u00edme v\u00e1m po\u010det her v hern\u00edm po\u010d\u00edta\u010di","og_url":"https:\/\/ludens.cz\/en\/product\/hra-navic\/","og_site_name":"ludens.cz","article_publisher":"https:\/\/www.facebook.com\/ludens.cz\/","article_modified_time":"2022-10-07T09:45:43+00:00","og_image":[{"width":606,"height":536,"url":"https:\/\/ludens.cz\/wp-content\/uploads\/2022\/10\/e15af0_60b8ff7aeea24c4e9c939ea508a0417d_mv2.jpg","type":"image\/jpeg"}],"twitter_card":"summary_large_image","twitter_misc":{"Est. reading time":"1 minute"},"schema":{"@context":"https:\/\/schema.org","@graph":[{"@type":"WebPage","@id":"https:\/\/ludens.cz\/produkt\/hra-navic\/","url":"https:\/\/ludens.cz\/produkt\/hra-navic\/","name":"Hra nav\u00edc - ludens.cz","isPartOf":{"@id":"https:\/\/ludens.cz\/#website"},"primaryImageOfPage":{"@id":"https:\/\/ludens.cz\/produkt\/hra-navic\/#primaryimage"},"image":{"@id":"https:\/\/ludens.cz\/produkt\/hra-navic\/#primaryimage"},"thumbnailUrl":"https:\/\/ludens.cz\/wp-content\/uploads\/2022\/10\/e15af0_60b8ff7aeea24c4e9c939ea508a0417d_mv2.jpg","datePublished":"2022-10-03T07:12:13+00:00","dateModified":"2022-10-07T09:45:43+00:00","breadcrumb":{"@id":"https:\/\/ludens.cz\/produkt\/hra-navic\/#breadcrumb"},"inLanguage":"en-US","potentialAction":[{"@type":"ReadAction","target":["https:\/\/ludens.cz\/produkt\/hra-navic\/"]}]},{"@type":"ImageObject","inLanguage":"en-US","@id":"https:\/\/ludens.cz\/produkt\/hra-navic\/#primaryimage","url":"https:\/\/ludens.cz\/wp-content\/uploads\/2022\/10\/e15af0_60b8ff7aeea24c4e9c939ea508a0417d_mv2.jpg","contentUrl":"https:\/\/ludens.cz\/wp-content\/uploads\/2022\/10\/e15af0_60b8ff7aeea24c4e9c939ea508a0417d_mv2.jpg","width":606,"height":536,"caption":"escape box"},{"@type":"BreadcrumbList","@id":"https:\/\/ludens.cz\/produkt\/hra-navic\/#breadcrumb","itemListElement":[{"@type":"ListItem","position":1,"name":"Dom\u016f","item":"https:\/\/ludens.cz\/"},{"@type":"ListItem","position":2,"name":"Obchod","item":"https:\/\/ludens.cz\/obchod\/"},{"@type":"ListItem","position":3,"name":"Hra nav\u00edc"}]},{"@type":"WebSite","@id":"https:\/\/ludens.cz\/#website","url":"https:\/\/ludens.cz\/","name":"ludens.cz","description":"\u00fanikov\u00e9 hry a firemn\u00ed akce","publisher":{"@id":"https:\/\/ludens.cz\/#organization"},"potentialAction":[{"@type":"SearchAction","target":{"@type":"EntryPoint","urlTemplate":"https:\/\/ludens.cz\/?s={search_term_string}"},"query-input":{"@type":"PropertyValueSpecification","valueRequired":true,"valueName":"search_term_string"}}],"inLanguage":"en-US"},{"@type":"Organization","@id":"https:\/\/ludens.cz\/#organization","name":"Ludens","url":"https:\/\/ludens.cz\/","logo":{"@type":"ImageObject","inLanguage":"en-US","@id":"https:\/\/ludens.cz\/#\/schema\/logo\/image\/","url":"https:\/\/ludens.cz\/wp-content\/uploads\/2019\/10\/ludens_logo_cmyk-na_bile.png","contentUrl":"https:\/\/ludens.cz\/wp-content\/uploads\/2019\/10\/ludens_logo_cmyk-na_bile.png","width":1541,"height":681,"caption":"Ludens"},"image":{"@id":"https:\/\/ludens.cz\/#\/schema\/logo\/image\/"},"sameAs":["https:\/\/www.facebook.com\/ludens.cz\/"]}]}},"jetpack_sharing_enabled":true,"_links":{"self":[{"href":"https:\/\/ludens.cz\/en\/wp-json\/wp\/v2\/product\/1296","targetHints":{"allow":["GET"]}}],"collection":[{"href":"https:\/\/ludens.cz\/en\/wp-json\/wp\/v2\/product"}],"about":[{"href":"https:\/\/ludens.cz\/en\/wp-json\/wp\/v2\/types\/product"}],"wp:featuredmedia":[{"embeddable":true,"href":"https:\/\/ludens.cz\/en\/wp-json\/wp\/v2\/media\/1408"}],"wp:attachment":[{"href":"https:\/\/ludens.cz\/en\/wp-json\/wp\/v2\/media?parent=1296"}],"wp:term":[{"taxonomy":"product_brand","embeddable":true,"href":"https:\/\/ludens.cz\/en\/wp-json\/wp\/v2\/product_brand?post=1296"},{"taxonomy":"product_cat","embeddable":true,"href":"https:\/\/ludens.cz\/en\/wp-json\/wp\/v2\/product_cat?post=1296"},{"taxonomy":"product_tag","embeddable":true,"href":"https:\/\/ludens.cz\/en\/wp-json\/wp\/v2\/product_tag?post=1296"}],"curies":[{"name":"wp","href":"https:\/\/api.w.org\/{rel}","templated":true}]}}