{"id":1295,"date":"2022-10-03T09:05:09","date_gmt":"2022-10-03T07:05:09","guid":{"rendered":"https:\/\/ludens.cz\/?post_type=product&#038;p=1295"},"modified":"2022-11-14T16:31:05","modified_gmt":"2022-11-14T15:31:05","slug":"darkovy-poukaz","status":"publish","type":"product","link":"https:\/\/ludens.cz\/en\/product\/darkovy-poukaz\/","title":{"rendered":"Gift voucher"},"content":{"rendered":"","protected":false},"excerpt":{"rendered":"<p>Darujte nap\u00ednavou hru, kterou si obdarovan\u00fd m\u016f\u017ee u\u017e\u00edt s\u00e1m nebo s kamar\u00e1dy.<\/p>\n<p>D\u00e1rkov\u00fd poukaz v\u00e1m za\u0161leme na email, nebo si m\u016f\u017eete vytvo\u0159it vlastn\u00ed. D\u016fle\u017eit\u00fd je jenom k\u00f3d poukazu, kter\u00fdm si obdarovan\u00fd zarezervuje term\u00edn, jak\u00fd mu nejv\u00edce vyhovuje.<\/p>\n<p>Platnost poukazu je 180 dn\u00ed od zakoupen\u00ed.<\/p>\n<p>&nbsp;<\/p>","protected":false},"featured_media":1476,"template":"","meta":{"site-sidebar-layout":"default","site-content-layout":"default","ast-site-content-layout":"default","site-content-style":"default","site-sidebar-style":"default","ast-global-header-display":"","ast-banner-title-visibility":"","ast-main-header-display":"","ast-hfb-above-header-display":"","ast-hfb-below-header-display":"","ast-hfb-mobile-header-display":"","site-post-title":"","ast-breadcrumbs-content":"","ast-featured-img":"","footer-sml-layout":"","ast-disable-related-posts":"","theme-transparent-header-meta":"default","adv-header-id-meta":"","stick-header-meta":"","header-above-stick-meta":"","header-main-stick-meta":"","header-below-stick-meta":"","astra-migrate-meta-layouts":"default","ast-page-background-enabled":"default","ast-page-background-meta":{"desktop":{"background-color":"var(--ast-global-color-4)","background-image":"","background-repeat":"repeat","background-position":"center center","background-size":"auto","background-attachment":"scroll","background-type":"","background-media":"","overlay-type":"","overlay-color":"","overlay-opacity":"","overlay-gradient":""},"tablet":{"background-color":"","background-image":"","background-repeat":"repeat","background-position":"center center","background-size":"auto","background-attachment":"scroll","background-type":"","background-media":"","overlay-type":"","overlay-color":"","overlay-opacity":"","overlay-gradient":""},"mobile":{"background-color":"","background-image":"","background-repeat":"repeat","background-position":"center center","background-size":"auto","background-attachment":"scroll","background-type":"","background-media":"","overlay-type":"","overlay-color":"","overlay-opacity":"","overlay-gradient":""}},"ast-content-background-meta":{"desktop":{"background-color":"var(--ast-global-color-5)","background-image":"","background-repeat":"repeat","background-position":"center center","background-size":"auto","background-attachment":"scroll","background-type":"","background-media":"","overlay-type":"","overlay-color":"","overlay-opacity":"","overlay-gradient":""},"tablet":{"background-color":"var(--ast-global-color-5)","background-image":"","background-repeat":"repeat","background-position":"center center","background-size":"auto","background-attachment":"scroll","background-type":"","background-media":"","overlay-type":"","overlay-color":"","overlay-opacity":"","overlay-gradient":""},"mobile":{"background-color":"var(--ast-global-color-5)","background-image":"","background-repeat":"repeat","background-position":"center center","background-size":"auto","background-attachment":"scroll","background-type":"","background-media":"","overlay-type":"","overlay-color":"","overlay-opacity":"","overlay-gradient":""}}},"product_brand":[],"product_cat":[57],"product_tag":[58,61,60,62,59],"class_list":{"0":"post-1295","1":"product","2":"type-product","3":"status-publish","4":"has-post-thumbnail","6":"product_cat-poukazka","7":"product_tag-darkovy-pukaz","8":"product_tag-escape-boc","9":"product_tag-nikova-hra-doma","10":"product_tag-unikovka","11":"product_tag-voucher","12":"desktop-align-center","13":"tablet-align-left","14":"mobile-align-left","16":"first","17":"instock","18":"virtual","19":"purchasable","20":"product-type-simple"},"yoast_head":"<!-- This site is optimized with the Yoast SEO plugin v27.5 - https:\/\/yoast.com\/product\/yoast-seo-wordpress\/ -->\n<title>D\u00e1rkov\u00fd poukaz - ludens.cz<\/title>\n<meta name=\"robots\" content=\"index, follow, max-snippet:-1, max-image-preview:large, max-video-preview:-1\" \/>\n<link rel=\"canonical\" href=\"https:\/\/ludens.cz\/en\/product\/darkovy-poukaz\/\" \/>\n<meta property=\"og:locale\" content=\"en_US\" \/>\n<meta property=\"og:type\" content=\"article\" \/>\n<meta property=\"og:title\" content=\"D\u00e1rkov\u00fd poukaz - ludens.cz\" \/>\n<meta property=\"og:description\" content=\"Darujte nap\u00ednavou hru, kterou si obdarovan\u00fd m\u016f\u017ee u\u017e\u00edt s\u00e1m nebo s kamar\u00e1dy.  D\u00e1rkov\u00fd poukaz v\u00e1m za\u0161leme na email, nebo si m\u016f\u017eete vytvo\u0159it vlastn\u00ed. D\u016fle\u017eit\u00fd je jenom k\u00f3d poukazu, kter\u00fdm si obdarovan\u00fd zarezervuje term\u00edn, jak\u00fd mu nejv\u00edce vyhovuje.  Platnost poukazu je 180 dn\u00ed od zakoupen\u00ed.  &nbsp;\" \/>\n<meta property=\"og:url\" content=\"https:\/\/ludens.cz\/en\/product\/darkovy-poukaz\/\" \/>\n<meta property=\"og:site_name\" content=\"ludens.cz\" \/>\n<meta property=\"article:publisher\" content=\"https:\/\/www.facebook.com\/ludens.cz\/\" \/>\n<meta property=\"article:modified_time\" content=\"2022-11-14T15:31:05+00:00\" \/>\n<meta property=\"og:image\" content=\"https:\/\/ludens.cz\/wp-content\/uploads\/2022\/10\/poukaz2.png\" \/>\n\t<meta property=\"og:image:width\" content=\"1530\" \/>\n\t<meta property=\"og:image:height\" content=\"1080\" \/>\n\t<meta property=\"og:image:type\" content=\"image\/png\" \/>\n<meta name=\"twitter:card\" content=\"summary_large_image\" \/>\n<script type=\"application\/ld+json\" class=\"yoast-schema-graph\">{\"@context\":\"https:\\\/\\\/schema.org\",\"@graph\":[{\"@type\":\"WebPage\",\"@id\":\"https:\\\/\\\/ludens.cz\\\/produkt\\\/darkovy-poukaz\\\/\",\"url\":\"https:\\\/\\\/ludens.cz\\\/produkt\\\/darkovy-poukaz\\\/\",\"name\":\"D\u00e1rkov\u00fd poukaz - ludens.cz\",\"isPartOf\":{\"@id\":\"https:\\\/\\\/ludens.cz\\\/#website\"},\"primaryImageOfPage\":{\"@id\":\"https:\\\/\\\/ludens.cz\\\/produkt\\\/darkovy-poukaz\\\/#primaryimage\"},\"image\":{\"@id\":\"https:\\\/\\\/ludens.cz\\\/produkt\\\/darkovy-poukaz\\\/#primaryimage\"},\"thumbnailUrl\":\"https:\\\/\\\/ludens.cz\\\/wp-content\\\/uploads\\\/2022\\\/10\\\/poukaz2.png\",\"datePublished\":\"2022-10-03T07:05:09+00:00\",\"dateModified\":\"2022-11-14T15:31:05+00:00\",\"breadcrumb\":{\"@id\":\"https:\\\/\\\/ludens.cz\\\/produkt\\\/darkovy-poukaz\\\/#breadcrumb\"},\"inLanguage\":\"en-US\",\"potentialAction\":[{\"@type\":\"ReadAction\",\"target\":[\"https:\\\/\\\/ludens.cz\\\/produkt\\\/darkovy-poukaz\\\/\"]}]},{\"@type\":\"ImageObject\",\"inLanguage\":\"en-US\",\"@id\":\"https:\\\/\\\/ludens.cz\\\/produkt\\\/darkovy-poukaz\\\/#primaryimage\",\"url\":\"https:\\\/\\\/ludens.cz\\\/wp-content\\\/uploads\\\/2022\\\/10\\\/poukaz2.png\",\"contentUrl\":\"https:\\\/\\\/ludens.cz\\\/wp-content\\\/uploads\\\/2022\\\/10\\\/poukaz2.png\",\"width\":1530,\"height\":1080,\"caption\":\"D\u00e1rkov\u00fd poukaz\"},{\"@type\":\"BreadcrumbList\",\"@id\":\"https:\\\/\\\/ludens.cz\\\/produkt\\\/darkovy-poukaz\\\/#breadcrumb\",\"itemListElement\":[{\"@type\":\"ListItem\",\"position\":1,\"name\":\"Dom\u016f\",\"item\":\"https:\\\/\\\/ludens.cz\\\/\"},{\"@type\":\"ListItem\",\"position\":2,\"name\":\"Obchod\",\"item\":\"https:\\\/\\\/ludens.cz\\\/obchod\\\/\"},{\"@type\":\"ListItem\",\"position\":3,\"name\":\"D\u00e1rkov\u00fd poukaz\"}]},{\"@type\":\"WebSite\",\"@id\":\"https:\\\/\\\/ludens.cz\\\/#website\",\"url\":\"https:\\\/\\\/ludens.cz\\\/\",\"name\":\"ludens.cz\",\"description\":\"\u00fanikov\u00e9 hry a firemn\u00ed akce\",\"publisher\":{\"@id\":\"https:\\\/\\\/ludens.cz\\\/#organization\"},\"potentialAction\":[{\"@type\":\"SearchAction\",\"target\":{\"@type\":\"EntryPoint\",\"urlTemplate\":\"https:\\\/\\\/ludens.cz\\\/?s={search_term_string}\"},\"query-input\":{\"@type\":\"PropertyValueSpecification\",\"valueRequired\":true,\"valueName\":\"search_term_string\"}}],\"inLanguage\":\"en-US\"},{\"@type\":\"Organization\",\"@id\":\"https:\\\/\\\/ludens.cz\\\/#organization\",\"name\":\"Ludens\",\"url\":\"https:\\\/\\\/ludens.cz\\\/\",\"logo\":{\"@type\":\"ImageObject\",\"inLanguage\":\"en-US\",\"@id\":\"https:\\\/\\\/ludens.cz\\\/#\\\/schema\\\/logo\\\/image\\\/\",\"url\":\"https:\\\/\\\/ludens.cz\\\/wp-content\\\/uploads\\\/2019\\\/10\\\/ludens_logo_cmyk-na_bile.png\",\"contentUrl\":\"https:\\\/\\\/ludens.cz\\\/wp-content\\\/uploads\\\/2019\\\/10\\\/ludens_logo_cmyk-na_bile.png\",\"width\":1541,\"height\":681,\"caption\":\"Ludens\"},\"image\":{\"@id\":\"https:\\\/\\\/ludens.cz\\\/#\\\/schema\\\/logo\\\/image\\\/\"},\"sameAs\":[\"https:\\\/\\\/www.facebook.com\\\/ludens.cz\\\/\"]}]}<\/script>\n<!-- \/ Yoast SEO plugin. -->","yoast_head_json":{"title":"D\u00e1rkov\u00fd poukaz - ludens.cz","robots":{"index":"index","follow":"follow","max-snippet":"max-snippet:-1","max-image-preview":"max-image-preview:large","max-video-preview":"max-video-preview:-1"},"canonical":"https:\/\/ludens.cz\/en\/product\/darkovy-poukaz\/","og_locale":"en_US","og_type":"article","og_title":"D\u00e1rkov\u00fd poukaz - ludens.cz","og_description":"Darujte nap\u00ednavou hru, kterou si obdarovan\u00fd m\u016f\u017ee u\u017e\u00edt s\u00e1m nebo s kamar\u00e1dy.  D\u00e1rkov\u00fd poukaz v\u00e1m za\u0161leme na email, nebo si m\u016f\u017eete vytvo\u0159it vlastn\u00ed. D\u016fle\u017eit\u00fd je jenom k\u00f3d poukazu, kter\u00fdm si obdarovan\u00fd zarezervuje term\u00edn, jak\u00fd mu nejv\u00edce vyhovuje.  Platnost poukazu je 180 dn\u00ed od zakoupen\u00ed.  &nbsp;","og_url":"https:\/\/ludens.cz\/en\/product\/darkovy-poukaz\/","og_site_name":"ludens.cz","article_publisher":"https:\/\/www.facebook.com\/ludens.cz\/","article_modified_time":"2022-11-14T15:31:05+00:00","og_image":[{"width":1530,"height":1080,"url":"https:\/\/ludens.cz\/wp-content\/uploads\/2022\/10\/poukaz2.png","type":"image\/png"}],"twitter_card":"summary_large_image","schema":{"@context":"https:\/\/schema.org","@graph":[{"@type":"WebPage","@id":"https:\/\/ludens.cz\/produkt\/darkovy-poukaz\/","url":"https:\/\/ludens.cz\/produkt\/darkovy-poukaz\/","name":"D\u00e1rkov\u00fd poukaz - ludens.cz","isPartOf":{"@id":"https:\/\/ludens.cz\/#website"},"primaryImageOfPage":{"@id":"https:\/\/ludens.cz\/produkt\/darkovy-poukaz\/#primaryimage"},"image":{"@id":"https:\/\/ludens.cz\/produkt\/darkovy-poukaz\/#primaryimage"},"thumbnailUrl":"https:\/\/ludens.cz\/wp-content\/uploads\/2022\/10\/poukaz2.png","datePublished":"2022-10-03T07:05:09+00:00","dateModified":"2022-11-14T15:31:05+00:00","breadcrumb":{"@id":"https:\/\/ludens.cz\/produkt\/darkovy-poukaz\/#breadcrumb"},"inLanguage":"en-US","potentialAction":[{"@type":"ReadAction","target":["https:\/\/ludens.cz\/produkt\/darkovy-poukaz\/"]}]},{"@type":"ImageObject","inLanguage":"en-US","@id":"https:\/\/ludens.cz\/produkt\/darkovy-poukaz\/#primaryimage","url":"https:\/\/ludens.cz\/wp-content\/uploads\/2022\/10\/poukaz2.png","contentUrl":"https:\/\/ludens.cz\/wp-content\/uploads\/2022\/10\/poukaz2.png","width":1530,"height":1080,"caption":"D\u00e1rkov\u00fd poukaz"},{"@type":"BreadcrumbList","@id":"https:\/\/ludens.cz\/produkt\/darkovy-poukaz\/#breadcrumb","itemListElement":[{"@type":"ListItem","position":1,"name":"Dom\u016f","item":"https:\/\/ludens.cz\/"},{"@type":"ListItem","position":2,"name":"Obchod","item":"https:\/\/ludens.cz\/obchod\/"},{"@type":"ListItem","position":3,"name":"D\u00e1rkov\u00fd poukaz"}]},{"@type":"WebSite","@id":"https:\/\/ludens.cz\/#website","url":"https:\/\/ludens.cz\/","name":"ludens.cz","description":"\u00fanikov\u00e9 hry a firemn\u00ed akce","publisher":{"@id":"https:\/\/ludens.cz\/#organization"},"potentialAction":[{"@type":"SearchAction","target":{"@type":"EntryPoint","urlTemplate":"https:\/\/ludens.cz\/?s={search_term_string}"},"query-input":{"@type":"PropertyValueSpecification","valueRequired":true,"valueName":"search_term_string"}}],"inLanguage":"en-US"},{"@type":"Organization","@id":"https:\/\/ludens.cz\/#organization","name":"Ludens","url":"https:\/\/ludens.cz\/","logo":{"@type":"ImageObject","inLanguage":"en-US","@id":"https:\/\/ludens.cz\/#\/schema\/logo\/image\/","url":"https:\/\/ludens.cz\/wp-content\/uploads\/2019\/10\/ludens_logo_cmyk-na_bile.png","contentUrl":"https:\/\/ludens.cz\/wp-content\/uploads\/2019\/10\/ludens_logo_cmyk-na_bile.png","width":1541,"height":681,"caption":"Ludens"},"image":{"@id":"https:\/\/ludens.cz\/#\/schema\/logo\/image\/"},"sameAs":["https:\/\/www.facebook.com\/ludens.cz\/"]}]}},"jetpack_sharing_enabled":true,"_links":{"self":[{"href":"https:\/\/ludens.cz\/en\/wp-json\/wp\/v2\/product\/1295","targetHints":{"allow":["GET"]}}],"collection":[{"href":"https:\/\/ludens.cz\/en\/wp-json\/wp\/v2\/product"}],"about":[{"href":"https:\/\/ludens.cz\/en\/wp-json\/wp\/v2\/types\/product"}],"wp:featuredmedia":[{"embeddable":true,"href":"https:\/\/ludens.cz\/en\/wp-json\/wp\/v2\/media\/1476"}],"wp:attachment":[{"href":"https:\/\/ludens.cz\/en\/wp-json\/wp\/v2\/media?parent=1295"}],"wp:term":[{"taxonomy":"product_brand","embeddable":true,"href":"https:\/\/ludens.cz\/en\/wp-json\/wp\/v2\/product_brand?post=1295"},{"taxonomy":"product_cat","embeddable":true,"href":"https:\/\/ludens.cz\/en\/wp-json\/wp\/v2\/product_cat?post=1295"},{"taxonomy":"product_tag","embeddable":true,"href":"https:\/\/ludens.cz\/en\/wp-json\/wp\/v2\/product_tag?post=1295"}],"curies":[{"name":"wp","href":"https:\/\/api.w.org\/{rel}","templated":true}]}}