{"id":1290,"date":"2022-09-29T15:29:25","date_gmt":"2022-09-29T13:29:25","guid":{"rendered":"https:\/\/ludens.cz\/?post_type=product&#038;p=1290"},"modified":"2024-11-20T15:55:52","modified_gmt":"2024-11-20T14:55:52","slug":"yo-ho-ho-piratska-truhla","status":"publish","type":"product","link":"https:\/\/ludens.cz\/en\/product\/yo-ho-ho-piratska-truhla\/","title":{"rendered":"Yo-ho-ho Pir\u00e1tsk\u00e1 truhla"},"content":{"rendered":"","protected":false},"excerpt":{"rendered":"<p><strong>Pokud m\u00e1te D\u00e1rkov\u00fd poukaz zadejte ho v dal\u0161\u00edm kroku. <\/strong><\/p>\n<p>Rezervace term\u00ednu je mo\u017en\u00e1 pouze dva pracovn\u00ed dny p\u0159ed po\u017eadovan\u00fdm datem. D\u0159\u00edv\u011bj\u0161\u00ed rezervace je mo\u017en\u00e1 pouze po telefonick\u00e9 domluv\u011b.<\/p>\n<p>Ve vybran\u00fd den V\u00e1m kur\u00fdr doru\u010d\u00ed \u00fanikovou hru, v p\u0159\u00edpad\u011b v\u00edkendu ji doru\u010d\u00ed v p\u00e1tek. N\u00e1sleduj\u00edc\u00ed pracovn\u00ed den ji op\u011bt vyzvedne.<\/p>\n<p><strong>Do kontaktn\u00edch \u00fadaj\u016f, pros\u00edm vypl\u0148te osobu, kter\u00e1 bude \u00fanikovou hru p\u0159eb\u00edrat a bude za ni odpov\u011bdn\u00e1. Kur\u00fdr bude kontrolovat ob\u010dansk\u00fd pr\u016fkaz. P\u0159ed\u00e1n\u00ed jin\u00e9 osob\u011b nen\u00ed mo\u017en\u00e9.\u00a0<\/strong><\/p>","protected":false},"featured_media":1161,"template":"","meta":{"site-sidebar-layout":"default","site-content-layout":"default","ast-site-content-layout":"default","site-content-style":"default","site-sidebar-style":"default","ast-global-header-display":"","ast-banner-title-visibility":"","ast-main-header-display":"","ast-hfb-above-header-display":"","ast-hfb-below-header-display":"","ast-hfb-mobile-header-display":"","site-post-title":"","ast-breadcrumbs-content":"","ast-featured-img":"","footer-sml-layout":"","ast-disable-related-posts":"","theme-transparent-header-meta":"default","adv-header-id-meta":"","stick-header-meta":"","header-above-stick-meta":"","header-main-stick-meta":"","header-below-stick-meta":"","astra-migrate-meta-layouts":"set","ast-page-background-enabled":"default","ast-page-background-meta":{"desktop":{"background-color":"var(--ast-global-color-4)","background-image":"","background-repeat":"repeat","background-position":"center center","background-size":"auto","background-attachment":"scroll","background-type":"","background-media":"","overlay-type":"","overlay-color":"","overlay-opacity":"","overlay-gradient":""},"tablet":{"background-color":"","background-image":"","background-repeat":"repeat","background-position":"center center","background-size":"auto","background-attachment":"scroll","background-type":"","background-media":"","overlay-type":"","overlay-color":"","overlay-opacity":"","overlay-gradient":""},"mobile":{"background-color":"","background-image":"","background-repeat":"repeat","background-position":"center center","background-size":"auto","background-attachment":"scroll","background-type":"","background-media":"","overlay-type":"","overlay-color":"","overlay-opacity":"","overlay-gradient":""}},"ast-content-background-meta":{"desktop":{"background-color":"var(--ast-global-color-5)","background-image":"","background-repeat":"repeat","background-position":"center center","background-size":"auto","background-attachment":"scroll","background-type":"","background-media":"","overlay-type":"","overlay-color":"","overlay-opacity":"","overlay-gradient":""},"tablet":{"background-color":"var(--ast-global-color-5)","background-image":"","background-repeat":"repeat","background-position":"center center","background-size":"auto","background-attachment":"scroll","background-type":"","background-media":"","overlay-type":"","overlay-color":"","overlay-opacity":"","overlay-gradient":""},"mobile":{"background-color":"var(--ast-global-color-5)","background-image":"","background-repeat":"repeat","background-position":"center center","background-size":"auto","background-attachment":"scroll","background-type":"","background-media":"","overlay-type":"","overlay-color":"","overlay-opacity":"","overlay-gradient":""}}},"product_brand":[],"product_cat":[47],"product_tag":[51,53,49,50,52,48],"class_list":{"0":"post-1290","1":"product","2":"type-product","3":"status-publish","4":"has-post-thumbnail","6":"product_cat-unikovy-box","7":"product_tag-escape-game","8":"product_tag-escape-puzzle","9":"product_tag-quest-box","10":"product_tag-unikova-hra","11":"product_tag-unikovka-doma","12":"product_tag-unikovy-box","13":"desktop-align-center","14":"tablet-align-left","15":"mobile-align-left","17":"first","18":"instock","19":"featured","20":"sold-individually","21":"shipping-taxable","22":"purchasable","23":"product-type-booking"},"yoast_head":"<!-- This site is optimized with the Yoast SEO plugin v27.5 - https:\/\/yoast.com\/product\/yoast-seo-wordpress\/ -->\n<title>Yo-ho-ho Pir\u00e1tsk\u00e1 truhla - ludens.cz<\/title>\n<meta name=\"robots\" content=\"index, follow, max-snippet:-1, max-image-preview:large, max-video-preview:-1\" \/>\n<link rel=\"canonical\" href=\"https:\/\/ludens.cz\/en\/product\/yo-ho-ho-piratska-truhla\/\" \/>\n<meta property=\"og:locale\" content=\"en_US\" \/>\n<meta property=\"og:type\" content=\"article\" \/>\n<meta property=\"og:title\" content=\"Yo-ho-ho Pir\u00e1tsk\u00e1 truhla - ludens.cz\" \/>\n<meta property=\"og:description\" content=\"Pokud m\u00e1te D\u00e1rkov\u00fd poukaz zadejte ho v dal\u0161\u00edm kroku.   Rezervace term\u00ednu je mo\u017en\u00e1 pouze dva pracovn\u00ed dny p\u0159ed po\u017eadovan\u00fdm datem. D\u0159\u00edv\u011bj\u0161\u00ed rezervace je mo\u017en\u00e1 pouze po telefonick\u00e9 domluv\u011b.  Ve vybran\u00fd den V\u00e1m kur\u00fdr doru\u010d\u00ed \u00fanikovou hru, v p\u0159\u00edpad\u011b v\u00edkendu ji doru\u010d\u00ed v p\u00e1tek. N\u00e1sleduj\u00edc\u00ed pracovn\u00ed den ji op\u011bt vyzvedne.  Do kontaktn\u00edch \u00fadaj\u016f, pros\u00edm vypl\u0148te osobu, kter\u00e1 bude \u00fanikovou hru p\u0159eb\u00edrat a bude za ni odpov\u011bdn\u00e1. Kur\u00fdr bude kontrolovat ob\u010dansk\u00fd pr\u016fkaz. P\u0159ed\u00e1n\u00ed jin\u00e9 osob\u011b nen\u00ed mo\u017en\u00e9.\u00a0\" \/>\n<meta property=\"og:url\" content=\"https:\/\/ludens.cz\/en\/product\/yo-ho-ho-piratska-truhla\/\" \/>\n<meta property=\"og:site_name\" content=\"ludens.cz\" \/>\n<meta property=\"article:publisher\" content=\"https:\/\/www.facebook.com\/ludens.cz\/\" \/>\n<meta property=\"article:modified_time\" content=\"2024-11-20T14:55:52+00:00\" \/>\n<meta property=\"og:image\" content=\"https:\/\/ludens.cz\/wp-content\/uploads\/2022\/09\/escape-box.jpg\" \/>\n\t<meta property=\"og:image:width\" content=\"1280\" \/>\n\t<meta property=\"og:image:height\" content=\"720\" \/>\n\t<meta property=\"og:image:type\" content=\"image\/jpeg\" \/>\n<meta name=\"twitter:card\" content=\"summary_large_image\" \/>\n<meta name=\"twitter:label1\" content=\"Est. reading time\" \/>\n\t<meta name=\"twitter:data1\" content=\"1 minute\" \/>\n<script type=\"application\/ld+json\" class=\"yoast-schema-graph\">{\"@context\":\"https:\\\/\\\/schema.org\",\"@graph\":[{\"@type\":\"WebPage\",\"@id\":\"https:\\\/\\\/ludens.cz\\\/produkt\\\/yo-ho-ho-piratska-truhla\\\/\",\"url\":\"https:\\\/\\\/ludens.cz\\\/produkt\\\/yo-ho-ho-piratska-truhla\\\/\",\"name\":\"Yo-ho-ho Pir\u00e1tsk\u00e1 truhla - ludens.cz\",\"isPartOf\":{\"@id\":\"https:\\\/\\\/ludens.cz\\\/#website\"},\"primaryImageOfPage\":{\"@id\":\"https:\\\/\\\/ludens.cz\\\/produkt\\\/yo-ho-ho-piratska-truhla\\\/#primaryimage\"},\"image\":{\"@id\":\"https:\\\/\\\/ludens.cz\\\/produkt\\\/yo-ho-ho-piratska-truhla\\\/#primaryimage\"},\"thumbnailUrl\":\"https:\\\/\\\/ludens.cz\\\/wp-content\\\/uploads\\\/2022\\\/09\\\/escape-box.jpg\",\"datePublished\":\"2022-09-29T13:29:25+00:00\",\"dateModified\":\"2024-11-20T14:55:52+00:00\",\"breadcrumb\":{\"@id\":\"https:\\\/\\\/ludens.cz\\\/produkt\\\/yo-ho-ho-piratska-truhla\\\/#breadcrumb\"},\"inLanguage\":\"en-US\",\"potentialAction\":[{\"@type\":\"ReadAction\",\"target\":[\"https:\\\/\\\/ludens.cz\\\/produkt\\\/yo-ho-ho-piratska-truhla\\\/\"]}]},{\"@type\":\"ImageObject\",\"inLanguage\":\"en-US\",\"@id\":\"https:\\\/\\\/ludens.cz\\\/produkt\\\/yo-ho-ho-piratska-truhla\\\/#primaryimage\",\"url\":\"https:\\\/\\\/ludens.cz\\\/wp-content\\\/uploads\\\/2022\\\/09\\\/escape-box.jpg\",\"contentUrl\":\"https:\\\/\\\/ludens.cz\\\/wp-content\\\/uploads\\\/2022\\\/09\\\/escape-box.jpg\",\"width\":1280,\"height\":720,\"caption\":\"\u00danikov\u00e1 hra na doma\"},{\"@type\":\"BreadcrumbList\",\"@id\":\"https:\\\/\\\/ludens.cz\\\/produkt\\\/yo-ho-ho-piratska-truhla\\\/#breadcrumb\",\"itemListElement\":[{\"@type\":\"ListItem\",\"position\":1,\"name\":\"Dom\u016f\",\"item\":\"https:\\\/\\\/ludens.cz\\\/\"},{\"@type\":\"ListItem\",\"position\":2,\"name\":\"Obchod\",\"item\":\"https:\\\/\\\/ludens.cz\\\/obchod\\\/\"},{\"@type\":\"ListItem\",\"position\":3,\"name\":\"Yo-ho-ho Pir\u00e1tsk\u00e1 truhla\"}]},{\"@type\":\"WebSite\",\"@id\":\"https:\\\/\\\/ludens.cz\\\/#website\",\"url\":\"https:\\\/\\\/ludens.cz\\\/\",\"name\":\"ludens.cz\",\"description\":\"\u00fanikov\u00e9 hry a firemn\u00ed akce\",\"publisher\":{\"@id\":\"https:\\\/\\\/ludens.cz\\\/#organization\"},\"potentialAction\":[{\"@type\":\"SearchAction\",\"target\":{\"@type\":\"EntryPoint\",\"urlTemplate\":\"https:\\\/\\\/ludens.cz\\\/?s={search_term_string}\"},\"query-input\":{\"@type\":\"PropertyValueSpecification\",\"valueRequired\":true,\"valueName\":\"search_term_string\"}}],\"inLanguage\":\"en-US\"},{\"@type\":\"Organization\",\"@id\":\"https:\\\/\\\/ludens.cz\\\/#organization\",\"name\":\"Ludens\",\"url\":\"https:\\\/\\\/ludens.cz\\\/\",\"logo\":{\"@type\":\"ImageObject\",\"inLanguage\":\"en-US\",\"@id\":\"https:\\\/\\\/ludens.cz\\\/#\\\/schema\\\/logo\\\/image\\\/\",\"url\":\"https:\\\/\\\/ludens.cz\\\/wp-content\\\/uploads\\\/2019\\\/10\\\/ludens_logo_cmyk-na_bile.png\",\"contentUrl\":\"https:\\\/\\\/ludens.cz\\\/wp-content\\\/uploads\\\/2019\\\/10\\\/ludens_logo_cmyk-na_bile.png\",\"width\":1541,\"height\":681,\"caption\":\"Ludens\"},\"image\":{\"@id\":\"https:\\\/\\\/ludens.cz\\\/#\\\/schema\\\/logo\\\/image\\\/\"},\"sameAs\":[\"https:\\\/\\\/www.facebook.com\\\/ludens.cz\\\/\"]}]}<\/script>\n<!-- \/ Yoast SEO plugin. -->","yoast_head_json":{"title":"Yo-ho-ho Pir\u00e1tsk\u00e1 truhla - ludens.cz","robots":{"index":"index","follow":"follow","max-snippet":"max-snippet:-1","max-image-preview":"max-image-preview:large","max-video-preview":"max-video-preview:-1"},"canonical":"https:\/\/ludens.cz\/en\/product\/yo-ho-ho-piratska-truhla\/","og_locale":"en_US","og_type":"article","og_title":"Yo-ho-ho Pir\u00e1tsk\u00e1 truhla - ludens.cz","og_description":"Pokud m\u00e1te D\u00e1rkov\u00fd poukaz zadejte ho v dal\u0161\u00edm kroku.   Rezervace term\u00ednu je mo\u017en\u00e1 pouze dva pracovn\u00ed dny p\u0159ed po\u017eadovan\u00fdm datem. D\u0159\u00edv\u011bj\u0161\u00ed rezervace je mo\u017en\u00e1 pouze po telefonick\u00e9 domluv\u011b.  Ve vybran\u00fd den V\u00e1m kur\u00fdr doru\u010d\u00ed \u00fanikovou hru, v p\u0159\u00edpad\u011b v\u00edkendu ji doru\u010d\u00ed v p\u00e1tek. N\u00e1sleduj\u00edc\u00ed pracovn\u00ed den ji op\u011bt vyzvedne.  Do kontaktn\u00edch \u00fadaj\u016f, pros\u00edm vypl\u0148te osobu, kter\u00e1 bude \u00fanikovou hru p\u0159eb\u00edrat a bude za ni odpov\u011bdn\u00e1. Kur\u00fdr bude kontrolovat ob\u010dansk\u00fd pr\u016fkaz. P\u0159ed\u00e1n\u00ed jin\u00e9 osob\u011b nen\u00ed mo\u017en\u00e9.\u00a0","og_url":"https:\/\/ludens.cz\/en\/product\/yo-ho-ho-piratska-truhla\/","og_site_name":"ludens.cz","article_publisher":"https:\/\/www.facebook.com\/ludens.cz\/","article_modified_time":"2024-11-20T14:55:52+00:00","og_image":[{"width":1280,"height":720,"url":"https:\/\/ludens.cz\/wp-content\/uploads\/2022\/09\/escape-box.jpg","type":"image\/jpeg"}],"twitter_card":"summary_large_image","twitter_misc":{"Est. reading time":"1 minute"},"schema":{"@context":"https:\/\/schema.org","@graph":[{"@type":"WebPage","@id":"https:\/\/ludens.cz\/produkt\/yo-ho-ho-piratska-truhla\/","url":"https:\/\/ludens.cz\/produkt\/yo-ho-ho-piratska-truhla\/","name":"Yo-ho-ho Pir\u00e1tsk\u00e1 truhla - ludens.cz","isPartOf":{"@id":"https:\/\/ludens.cz\/#website"},"primaryImageOfPage":{"@id":"https:\/\/ludens.cz\/produkt\/yo-ho-ho-piratska-truhla\/#primaryimage"},"image":{"@id":"https:\/\/ludens.cz\/produkt\/yo-ho-ho-piratska-truhla\/#primaryimage"},"thumbnailUrl":"https:\/\/ludens.cz\/wp-content\/uploads\/2022\/09\/escape-box.jpg","datePublished":"2022-09-29T13:29:25+00:00","dateModified":"2024-11-20T14:55:52+00:00","breadcrumb":{"@id":"https:\/\/ludens.cz\/produkt\/yo-ho-ho-piratska-truhla\/#breadcrumb"},"inLanguage":"en-US","potentialAction":[{"@type":"ReadAction","target":["https:\/\/ludens.cz\/produkt\/yo-ho-ho-piratska-truhla\/"]}]},{"@type":"ImageObject","inLanguage":"en-US","@id":"https:\/\/ludens.cz\/produkt\/yo-ho-ho-piratska-truhla\/#primaryimage","url":"https:\/\/ludens.cz\/wp-content\/uploads\/2022\/09\/escape-box.jpg","contentUrl":"https:\/\/ludens.cz\/wp-content\/uploads\/2022\/09\/escape-box.jpg","width":1280,"height":720,"caption":"\u00danikov\u00e1 hra na doma"},{"@type":"BreadcrumbList","@id":"https:\/\/ludens.cz\/produkt\/yo-ho-ho-piratska-truhla\/#breadcrumb","itemListElement":[{"@type":"ListItem","position":1,"name":"Dom\u016f","item":"https:\/\/ludens.cz\/"},{"@type":"ListItem","position":2,"name":"Obchod","item":"https:\/\/ludens.cz\/obchod\/"},{"@type":"ListItem","position":3,"name":"Yo-ho-ho Pir\u00e1tsk\u00e1 truhla"}]},{"@type":"WebSite","@id":"https:\/\/ludens.cz\/#website","url":"https:\/\/ludens.cz\/","name":"ludens.cz","description":"\u00fanikov\u00e9 hry a firemn\u00ed akce","publisher":{"@id":"https:\/\/ludens.cz\/#organization"},"potentialAction":[{"@type":"SearchAction","target":{"@type":"EntryPoint","urlTemplate":"https:\/\/ludens.cz\/?s={search_term_string}"},"query-input":{"@type":"PropertyValueSpecification","valueRequired":true,"valueName":"search_term_string"}}],"inLanguage":"en-US"},{"@type":"Organization","@id":"https:\/\/ludens.cz\/#organization","name":"Ludens","url":"https:\/\/ludens.cz\/","logo":{"@type":"ImageObject","inLanguage":"en-US","@id":"https:\/\/ludens.cz\/#\/schema\/logo\/image\/","url":"https:\/\/ludens.cz\/wp-content\/uploads\/2019\/10\/ludens_logo_cmyk-na_bile.png","contentUrl":"https:\/\/ludens.cz\/wp-content\/uploads\/2019\/10\/ludens_logo_cmyk-na_bile.png","width":1541,"height":681,"caption":"Ludens"},"image":{"@id":"https:\/\/ludens.cz\/#\/schema\/logo\/image\/"},"sameAs":["https:\/\/www.facebook.com\/ludens.cz\/"]}]}},"jetpack_sharing_enabled":true,"_links":{"self":[{"href":"https:\/\/ludens.cz\/en\/wp-json\/wp\/v2\/product\/1290","targetHints":{"allow":["GET"]}}],"collection":[{"href":"https:\/\/ludens.cz\/en\/wp-json\/wp\/v2\/product"}],"about":[{"href":"https:\/\/ludens.cz\/en\/wp-json\/wp\/v2\/types\/product"}],"wp:featuredmedia":[{"embeddable":true,"href":"https:\/\/ludens.cz\/en\/wp-json\/wp\/v2\/media\/1161"}],"wp:attachment":[{"href":"https:\/\/ludens.cz\/en\/wp-json\/wp\/v2\/media?parent=1290"}],"wp:term":[{"taxonomy":"product_brand","embeddable":true,"href":"https:\/\/ludens.cz\/en\/wp-json\/wp\/v2\/product_brand?post=1290"},{"taxonomy":"product_cat","embeddable":true,"href":"https:\/\/ludens.cz\/en\/wp-json\/wp\/v2\/product_cat?post=1290"},{"taxonomy":"product_tag","embeddable":true,"href":"https:\/\/ludens.cz\/en\/wp-json\/wp\/v2\/product_tag?post=1290"}],"curies":[{"name":"wp","href":"https:\/\/api.w.org\/{rel}","templated":true}]}}