{"id":665,"date":"2022-07-13T13:07:15","date_gmt":"2022-07-13T11:07:15","guid":{"rendered":"https:\/\/ludens.cz\/?page_id=665"},"modified":"2022-10-07T11:02:42","modified_gmt":"2022-10-07T09:02:42","slug":"obchodnipodminky","status":"publish","type":"page","link":"https:\/\/ludens.cz\/en\/obchodnipodminky\/","title":{"rendered":"Terms and Conditions"},"content":{"rendered":"<div data-elementor-type=\"wp-page\" data-elementor-id=\"665\" class=\"elementor elementor-665\">\n\t\t\t\t\t\t<section class=\"elementor-section elementor-top-section elementor-element elementor-element-343a2acf elementor-section-boxed elementor-section-height-default elementor-section-height-default\" data-id=\"343a2acf\" data-element_type=\"section\" data-e-type=\"section\">\n\t\t\t\t\t\t<div class=\"elementor-container elementor-column-gap-default\">\n\t\t\t\t\t<div class=\"elementor-column elementor-col-100 elementor-top-column elementor-element elementor-element-66647069\" data-id=\"66647069\" data-element_type=\"column\" data-e-type=\"column\">\n\t\t\t<div class=\"elementor-widget-wrap elementor-element-populated\">\n\t\t\t\t\t\t<div class=\"elementor-element elementor-element-1757c00 elementor-widget elementor-widget-heading\" data-id=\"1757c00\" data-element_type=\"widget\" data-e-type=\"widget\" data-widget_type=\"heading.default\">\n\t\t\t\t<div class=\"elementor-widget-container\">\n\t\t\t\t\t<h2 class=\"elementor-heading-title elementor-size-default\">Terms and Conditions<\/h2>\t\t\t\t<\/div>\n\t\t\t\t<\/div>\n\t\t\t\t<div class=\"elementor-element elementor-element-1475a64a elementor-widget elementor-widget-text-editor\" data-id=\"1475a64a\" data-element_type=\"widget\" data-e-type=\"widget\" data-widget_type=\"text-editor.default\">\n\t\t\t\t<div class=\"elementor-widget-container\">\n\t\t\t\t\t\t\t\t\t<p><\/p>\n<p>Tyto obchodn\u00ed podm\u00ednky (\u201ePodm\u00ednky\u201c) se t\u00fdkaj\u00ed vztah\u016f uzav\u00edran\u00fdch mezi v\u00e1mi jako z\u00e1kazn\u00edkem a spole\u010dnost\u00ed Mgr. Jakub Vondr\u00e1\u0161ek., se s\u00eddlem E. Bene\u0161e 53, P\u0159\u00edbram , 261 01, \u010cesk\u00e1 republika, DI\u010c: CZ9309021205, I\u010c: 08502412, zapsanou v \u017eivnostensk\u00e9m rejst\u0159\u00edku veden\u00e9m, kter\u00e1 v\u00e1m poskytuje \u00fanikov\u00e9 hry. Obsah Her naleznete na na\u0161ich internetov\u00fdch str\u00e1nk\u00e1ch ludens.cz<\/p>\n<p>P\u0159ed rezervac\u00ed Hry si tyto Podm\u00ednky pros\u00edm p\u0159e\u010dt\u011bte a seznamte se s nimi.<\/p>\n<p><b>1. \u00daVODN\u00cd USTANOVEN\u00cd<\/b><\/p>\n<p>1.1. Pr\u00e1vn\u00ed vztahy mezi Pronaj\u00edmatelem a pr\u00e1vnick\u00fdmi \u010di fyzick\u00fdmi osobami (d\u00e1le jen N\u00e1jemci) p\u0159i pron\u00e1jmu za\u0159\u00edzen\u00ed<br>se \u0159\u00edd\u00ed Smlouvou a t\u011bmito VOP.<br>1.2. Tyto VOP se st\u00e1vaj\u00ed sou\u010d\u00e1st\u00ed ka\u017ed\u00e9 Smlouvy a ur\u010duj\u00ed \u010d\u00e1st jej\u00edho obsahu, nestanov\u00ed-li Smlouva jinak. Odchyln\u00e1 \u00faprava<br>ve Smlouv\u011b m\u00e1 p\u0159ed zn\u011bn\u00edm t\u011bchto VOP p\u0159ednost.<\/p>\n<p><b>2. DEFINICE<\/b><\/p>\n<p>2.1. Mimo v\u00fdraz\u016f definovan\u00fdch na jin\u00fdch m\u00edstech t\u011bchto VOP, definice a jin\u00e1 ustanoven\u00ed tohoto \u010dl\u00e1nku 2 se uplatn\u00ed v<br>cel\u00fdch VOP:<br>Ob\u010dansk\u00fd z\u00e1kon\u00edk znamen\u00e1 z\u00e1kon \u010d. 89\/2012 Sb., ob\u010dansk\u00fd z\u00e1kon\u00edk, v platn\u00e9m zn\u011bn\u00ed; Za\u0159\u00edzen\u00ed znamen\u00e1 za\u0159\u00edzen\u00ed, kter\u00e9<br>je p\u0159edm\u011btem Smlouvy a jeho\u017e specifikace je provedena ka\u017edou jednotlivou Smlouvou; Smlouva znamen\u00e1 smlouvu o<br>n\u00e1jmu Za\u0159\u00edzen\u00ed uzav\u0159enou mezi Pronaj\u00edmatelem a N\u00e1jemcem dle \u010dl\u00e1nku 3 t\u011bchto VOP; a Strana znamen\u00e1 smluvn\u00ed<br>stranu Smlouvy.<br>2.2. Nadpisy v t\u011bchto VOP slou\u017e\u00ed pouze k usnadn\u011bn\u00ed orientace a nemaj\u00ed vliv na v\u00fdklad ustanoven\u00ed t\u011bchto VOP.<\/p>\n<p><b>3. UZAV\u0158EN\u00cd SMLOUVY<\/b><\/p>\n<p>3.1. Na z\u00e1klad\u011b objedn\u00e1vky na internetov\u00fdch str\u00e1nk\u00e1ch www.ludens.cz nebo internetov\u00fdch str\u00e1nk\u00e1ch partnera se uzav\u00edr\u00e1 smlouva mezi Pronaj\u00edmatelem a N\u00e1jemcem.<\/p>\n<p><b>4. N\u00c1JEMN\u00c9, P\u0158ED\u00c1N\u00cd A PLATEBN\u00cd PODM\u00cdNKY<\/b><\/p>\n<p>4.1. N\u00e1jemce je povinen platit n\u00e1jemn\u00e9 ve v\u00fd\u0161i dle Smlouvy.<br>4.2. P\u0159ed\u00e1n\u00ed za\u0159\u00edzen\u00ed obstar\u00e1 p\u0159epravn\u00ed slu\u017eba.<br><span style=\"background-color: var( --e-global-color-012f474 ); color: var(--ast-global-color-3); font-style: inherit; font-weight: inherit;\">4.3. N\u00e1jemce je povinen prok\u00e1zat svoji toto\u017enost p\u0159i p\u0159ed\u00e1n\u00ed za\u0159\u00edzen\u00ed. Za\u0159\u00edzen\u00ed bude p\u0159ed\u00e1no pouze osob\u011b, kter\u00e1 provedla rezervaci a zadala svoje kontaktn\u00ed \u00fadaje.&nbsp;<br>4.4. V p\u0159\u00edpad\u011b neumo\u017en\u011bn\u00ed doru\u010den\u00ed za\u0159\u00edzen\u00ed ze strany n\u00e1jemce, zanik\u00e1 jeho pr\u00e1vo na pron\u00e1jem bez mo\u017enosti navr\u00e1cen\u00ed platby.&nbsp;<br><\/span><span style=\"background-color: var( --e-global-color-012f474 ); color: var(--ast-global-color-3); font-style: inherit; font-weight: inherit;\">4.5. Pokud nebude umo\u017en\u011bno p\u0159evzet\u00ed za\u0159\u00edzen\u00ed p\u0159epravcem v dohodnut\u00e9m term\u00ednu bude n\u00e1jemci \u00fa\u010dtov\u00e1n dal\u0161\u00ed pron\u00e1jem.<br><\/span><span style=\"background-color: var( --e-global-color-012f474 ); color: var(--ast-global-color-3); font-style: inherit; font-weight: inherit;\">4.6. Faktury (da\u0148ov\u00e9 doklady) budou zasl\u00e1ny na email z\u00e1kazn\u00edka.<\/span><\/p>\n<p><b>5. VZNIK, ZM\u011aNA A UKON\u010cEN\u00cd N\u00c1JMU<\/b><\/p>\n<p>5.1. N\u00e1jemn\u00ed vztah vznik\u00e1 dnem dle Smlouvy, jinak dnem, kdy N\u00e1jemce p\u0159evezme Za\u0159\u00edzen\u00ed.&nbsp;<br><span style=\"font-style: inherit; font-weight: inherit; background-color: var( --e-global-color-012f474 ); color: var(--ast-global-color-3);\">5.2. N\u00e1jemce je povinen po p\u0159evzet\u00ed neprodlen\u011b informovat Pronaj\u00edmatele o chyb\u00e1ch na za\u0159\u00edzen\u00ed. Ve\u0161ker\u00e9 dal\u0161\u00ed chyby pak budou pova\u017eov\u00e1ny za zp\u016fsoben\u00e9 N\u00e1jemcem.<br><\/span><span style=\"font-style: inherit; font-weight: inherit; background-color: var( --e-global-color-012f474 ); color: var(--ast-global-color-3);\">5.3. Stornov\u00e1n\u00ed objedn\u00e1vky je mo\u017eno prov\u00e9st jen do 12.00 hod. pracovn\u00edho dne, kter\u00fd p\u0159edch\u00e1z\u00ed zasl\u00e1n\u00ed za\u0159\u00edzen\u00ed.<br><\/span><span style=\"font-style: inherit; font-weight: inherit; background-color: var( --e-global-color-012f474 ); color: var(--ast-global-color-3);\">5.4. N\u00e1jemce je povinen vr\u00e1tit Za\u0159\u00edzen\u00ed v term\u00ednu a na m\u00edst\u011b dle Smlouvy<br><\/span><span style=\"font-style: inherit; font-weight: inherit; background-color: var( --e-global-color-012f474 ); color: var(--ast-global-color-3);\">5.5. N\u00e1jem kon\u010d\u00ed p\u0159ed\u00e1n\u00edm Za\u0159\u00edzen\u00ed zp\u011bt Pronaj\u00edmateli\/ kur\u00fdrovi. N\u00e1jemce je povinen vr\u00e1tit Pronaj\u00edmateli nepo\u0161kozen\u00e9&nbsp;<\/span><span style=\"font-style: inherit; font-weight: inherit; background-color: var( --e-global-color-012f474 ); color: var(--ast-global-color-3);\">Za\u0159\u00edzen\u00ed v\u010detn\u011b ve\u0161ker\u00e9ho p\u0159\u00edslu\u0161enstv\u00ed. V p\u0159\u00edpad\u011b poru\u0161en\u00ed povinnosti dle p\u0159edchoz\u00ed v\u011bty je N\u00e1jemce povinen uhradit&nbsp;<\/span><span style=\"font-style: inherit; font-weight: inherit; background-color: var( --e-global-color-012f474 ); color: var(--ast-global-color-3);\">Pronaj\u00edmateli n\u00e1hradu \u0161kody \u010di chyb\u011bj\u00edc\u00edho vybaven\u00ed v pln\u00e9 v\u00fd\u0161i dle aktu\u00e1ln\u00edho cen\u00edku.<br><\/span><span style=\"font-style: inherit; font-weight: inherit; background-color: var( --e-global-color-012f474 ); color: var(--ast-global-color-3);\">5.6. Doba n\u00e1jmu je stanovena v objedn\u00e1vce slu\u017eby a po domluv\u011b s Pronaj\u00edmatelem lze dle mo\u017enost\u00ed prodlou\u017eit.<\/span><\/p>\n<p><b><span style=\"background-color: var( --e-global-color-012f474 ); color: var(--ast-global-color-3); font-style: inherit;\">&nbsp;<\/span><span style=\"font-style: inherit; background-color: var( --e-global-color-012f474 ); color: var(--ast-global-color-3);\">6<\/span><span style=\"font-style: inherit; background-color: var( --e-global-color-012f474 ); color: var(--ast-global-color-3);\">. POVINNOSTI STRAN<\/span><\/b><\/p>\n<p>6.1. Pronaj\u00edmatel je povinen p\u0159edat Za\u0159\u00edzen\u00ed N\u00e1jemci v \u0159\u00e1dn\u00e9m technick\u00e9m stavu, v term\u00ednu a na m\u00edst\u011b dle Smlouvy.<br>6.2. P\u0159i pron\u00e1jmu Za\u0159\u00edzen\u00ed je N\u00e1jemce povinen zajistit, aby Za\u0159\u00edzen\u00ed bylo pou\u017e\u00edv\u00e1no v souladu s n\u00e1vodem k obsluze.<br>6.3. Za\u0159\u00edzen\u00ed je dovoleno pou\u017e\u00edvat pouze k \u00fa\u010delu, ke kter\u00e9mu je ur\u010deno.<br>6.4. N\u00e1jemce je povinen dodr\u017eovat pokyny uveden\u00e9 na Za\u0159\u00edzen\u00ed.<br>6.5. N\u00e1jemce nen\u00ed opr\u00e1vn\u011bn bez p\u0159edchoz\u00edho p\u00edsemn\u00e9ho svolen\u00ed Pronaj\u00edmatele d\u00e1t Za\u0159\u00edzen\u00ed do podn\u00e1jmu t\u0159et\u00ed osob\u011b.<br>6.6. N\u00e1jemce je povinen udr\u017eovat Za\u0159\u00edzen\u00ed v provozuschopn\u00e9m stavu, zejm\u00e9na jej chr\u00e1nit p\u0159ed zne\u010di\u0161t\u011bn\u00edm,<br>po\u0161kozen\u00edm, nadm\u011brn\u00fdm opot\u0159eben\u00edm, odcizen\u00edm \u010di zni\u010den\u00edm. Okam\u017eikem p\u0159evzet\u00ed Za\u0159\u00edzen\u00ed N\u00e1jemcem nebo j\u00edm<br>pov\u011b\u0159enou osobou p\u0159ech\u00e1z\u00ed odpov\u011bdnost za Za\u0159\u00edzen\u00ed na N\u00e1jemce. V p\u0159\u00edpad\u011b po\u0161kozen\u00ed bude Za\u0159\u00edzen\u00ed opraveno na<br>n\u00e1klady N\u00e1jemce.<br>6.7. N\u00e1jemce je povinen bezodkladn\u011b vyrozum\u011bt Pronaj\u00edmatele o z\u00e1vad\u00e1ch Za\u0159\u00edzen\u00ed, p\u0159i\u010dem\u017e je v takov\u00e9m p\u0159\u00edpad\u011b<br>povinen zdr\u017eet se dal\u0161\u00edho pou\u017e\u00edv\u00e1n\u00ed Za\u0159\u00edzen\u00ed a bez souhlasu Pronaj\u00edmatele rovn\u011b\u017e prov\u00e1d\u011bn\u00ed jak\u00fdchkoliv oprav Za\u0159\u00edzen\u00ed.<br>Pronaj\u00edmatel je povinen bez zbyte\u010dn\u00e9ho odkladu zajistit op\u011btovn\u00e9 zprovozn\u011bn\u00ed Za\u0159\u00edzen\u00ed nebo v\u00fdm\u011bny za jin\u00e9. Ve\u0161ker\u00e9<br>n\u00e1klady s opravou spojen\u00e9 hrad\u00ed N\u00e1jemce, vyjma p\u0159\u00edpad\u016f, kdy z\u00e1vada prokazateln\u011b nebyla zp\u016fsobena z d\u016fvod\u016f na<br>stran\u011b N\u00e1jemce. V p\u0159\u00edpad\u011b pochybnost\u00ed, zda byla z\u00e1vada zp\u016fsobena z d\u016fvod\u016f na stran\u011b N\u00e1jemce, rozhoduje stanovisko<br>Pronaj\u00edmatele.<br>6.8. V p\u0159\u00edpad\u011b po\u0161kozen\u00ed Za\u0159\u00edzen\u00ed je N\u00e1jemce povinen uhradit opravu a v p\u0159\u00edpad\u011b jeho ztr\u00e1ty je povinen uhradit Za\u0159\u00edzen\u00ed<br>nov\u00e9. N\u00e1jemce je povinen Za\u0159\u00edzen\u00ed pou\u017e\u00edvat a uschov\u00e1vat na bezpe\u010dn\u00e9m a such\u00e9m m\u00edst\u011b. Odcizen\u00ed Za\u0159\u00edzen\u00ed je N\u00e1jemce<br>povinen nahl\u00e1sit Pronaj\u00edmateli a Policii \u010cR. Pro p\u0159\u00edpad odcizen\u00ed \u010di po\u0161kozen\u00ed Za\u0159\u00edzen\u00ed je N\u00e1jemce povinen nahradit<br>Pronaj\u00edmateli ve\u0161kerou \u0161kodu, kter\u00e1 Pronaj\u00edmateli v souvislosti s t\u00edm vznikne.<br>6.9. N\u00e1jemce odpov\u00edd\u00e1 za ve\u0161ker\u00e9 \u0161kody zp\u016fsoben\u00e9 pou\u017e\u00edv\u00e1n\u00edm.<br>6.10. N\u00e1jemce odpov\u00edd\u00e1 i za \u0161kody zp\u016fsoben\u00e9 na Za\u0159\u00edzen\u00ed v d\u016fsledku jedn\u00e1n\u00ed t\u0159et\u00edch osob \u010di v d\u016fsledku ud\u00e1losti<br>nez\u00e1visej\u00edc\u00ed na v\u016fli N\u00e1jemce a je povinen takovou \u0161kodu Pronaj\u00edmateli nahradit v pln\u00e9 v\u00fd\u0161i. T\u00edm nen\u00ed dot\u010deno pr\u00e1vo<br>N\u00e1jemce uplat\u0148ovat sv\u00e9 n\u00e1roky na n\u00e1hradu \u0161kody v\u016f\u010di t\u0159et\u00edm osob\u00e1m.<br>6.11. N\u00e1klady na opravu \u0161kody na Za\u0159\u00edzen\u00ed (vyjma opravy \u0161kody, za kterou N\u00e1jemce dle Smlouvy neodpov\u00edd\u00e1) je<br>Pronaj\u00edmatel opr\u00e1vn\u011bn vy\u00fa\u010dtovat N\u00e1jemci fakturou vystavenou po proveden\u00ed opravy, se splatnost\u00ed 7 dn\u016f od jej\u00edho<br>vystaven\u00ed. N\u00e1jemce se zavazuje \u010d\u00e1stku dle t\u00e9to faktury Pronaj\u00edmateli ve lh\u016ft\u011b splatnosti uhradit.<\/p><p><b>7. UKON\u010cEN\u00cd SMLOUVY<\/b><\/p><p>7.1. Pronaj\u00edmatel m\u016f\u017ee od Smlouvy odstoupit s \u00fa\u010dinnost\u00ed od doru\u010den\u00ed ozn\u00e1men\u00ed o odstoupen\u00ed N\u00e1jemci, jestli\u017ee<br>N\u00e1jemce podstatn\u00fdm zp\u016fsobem poru\u0161\u00ed n\u011bkterou ze sv\u00fdch povinnost\u00ed dle t\u011bchto VOP \u010di Smlouvy, zejm\u00e9na bude-li v<br>prodlen\u00ed nejm\u00e9n\u011b 1 den s \u00fahradou n\u00e1jemn\u00e9ho.<br>7.2. N\u00e1jemce je povinen Za\u0159\u00edzen\u00ed vydat bezodkladn\u011b pot\u00e9, kdy je Smlouva ukon\u010dena Pronaj\u00edmateli dle ustanoven\u00ed<br>odstavce 5.6 t\u011bchto VOP. V p\u0159\u00edpad\u011b poru\u0161en\u00ed povinnosti stanoven\u00e9 t\u00edmto \u010dl\u00e1nkem 7.2 je N\u00e1jemce povinen uhradit<br>Pronaj\u00edmateli smluvn\u00ed pokutu ve v\u00fd\u0161i dvojn\u00e1sobku stanoven\u00e9ho pron\u00e1jmu za Za\u0159\u00edzen\u00ed.<\/p><p><b>8. Z\u00c1V\u011aRE\u010cN\u00c1 USTANOVEN\u00cd<\/b><br>8.1. Pr\u00e1va a povinnosti Stran v\u00fdslovn\u011b neupraven\u00e9 Smlouvou nebo t\u011bmito VOP se \u0159\u00edd\u00ed p\u0159\u00edslu\u0161n\u00fdmi ustanoven\u00edmi OZ.<br>8.2. Tyto VOP nab\u00fdvaj\u00ed \u00fa\u010dinnosti dne 7.10.2022<span style=\"background-color: var( --e-global-color-012f474 ); color: var(--ast-global-color-3); font-style: inherit; font-weight: inherit;\"><br><\/span><\/p>\n<p><\/p>\n<p><\/p>\n<p><\/p>\n<p><\/p>\n<p><\/p>\t\t\t\t\t\t\t\t<\/div>\n\t\t\t\t<\/div>\n\t\t\t\t\t<\/div>\n\t\t<\/div>\n\t\t\t\t\t<\/div>\n\t\t<\/section>\n\t\t\t\t<\/div>","protected":false},"excerpt":{"rendered":"<p>Obchodn\u00ed podm\u00ednky Tyto obchodn\u00ed podm\u00ednky (\u201ePodm\u00ednky\u201c) se t\u00fdkaj\u00ed vztah\u016f uzav\u00edran\u00fdch mezi v\u00e1mi jako z\u00e1kazn\u00edkem a spole\u010dnost\u00ed Mgr. Jakub Vondr\u00e1\u0161ek., se s\u00eddlem E. Bene\u0161e 53, P\u0159\u00edbram , 261 01, \u010cesk\u00e1 republika, DI\u010c: CZ9309021205, I\u010c: 08502412, zapsanou v \u017eivnostensk\u00e9m rejst\u0159\u00edku veden\u00e9m, kter\u00e1 v\u00e1m poskytuje \u00fanikov\u00e9 hry. Obsah Her naleznete na na\u0161ich internetov\u00fdch str\u00e1nk\u00e1ch ludens.cz P\u0159ed rezervac\u00ed Hry [&hellip;]<\/p>\n","protected":false},"author":1,"featured_media":0,"parent":0,"menu_order":0,"comment_status":"closed","ping_status":"closed","template":"elementor_header_footer","meta":{"site-sidebar-layout":"default","site-content-layout":"","ast-site-content-layout":"default","site-content-style":"default","site-sidebar-style":"default","ast-global-header-display":"","ast-banner-title-visibility":"","ast-main-header-display":"","ast-hfb-above-header-display":"","ast-hfb-below-header-display":"","ast-hfb-mobile-header-display":"","site-post-title":"","ast-breadcrumbs-content":"","ast-featured-img":"","footer-sml-layout":"","ast-disable-related-posts":"","theme-transparent-header-meta":"","adv-header-id-meta":"","stick-header-meta":"","header-above-stick-meta":"","header-main-stick-meta":"","header-below-stick-meta":"","astra-migrate-meta-layouts":"default","ast-page-background-enabled":"default","ast-page-background-meta":{"desktop":{"background-color":"var(--ast-global-color-4)","background-image":"","background-repeat":"repeat","background-position":"center center","background-size":"auto","background-attachment":"scroll","background-type":"","background-media":"","overlay-type":"","overlay-color":"","overlay-opacity":"","overlay-gradient":""},"tablet":{"background-color":"","background-image":"","background-repeat":"repeat","background-position":"center center","background-size":"auto","background-attachment":"scroll","background-type":"","background-media":"","overlay-type":"","overlay-color":"","overlay-opacity":"","overlay-gradient":""},"mobile":{"background-color":"","background-image":"","background-repeat":"repeat","background-position":"center center","background-size":"auto","background-attachment":"scroll","background-type":"","background-media":"","overlay-type":"","overlay-color":"","overlay-opacity":"","overlay-gradient":""}},"ast-content-background-meta":{"desktop":{"background-color":"var(--ast-global-color-5)","background-image":"","background-repeat":"repeat","background-position":"center center","background-size":"auto","background-attachment":"scroll","background-type":"","background-media":"","overlay-type":"","overlay-color":"","overlay-opacity":"","overlay-gradient":""},"tablet":{"background-color":"var(--ast-global-color-5)","background-image":"","background-repeat":"repeat","background-position":"center center","background-size":"auto","background-attachment":"scroll","background-type":"","background-media":"","overlay-type":"","overlay-color":"","overlay-opacity":"","overlay-gradient":""},"mobile":{"background-color":"var(--ast-global-color-5)","background-image":"","background-repeat":"repeat","background-position":"center center","background-size":"auto","background-attachment":"scroll","background-type":"","background-media":"","overlay-type":"","overlay-color":"","overlay-opacity":"","overlay-gradient":""}},"footnotes":""},"class_list":["post-665","page","type-page","status-publish","hentry"],"yoast_head":"<!-- This site is optimized with the Yoast SEO plugin v27.5 - https:\/\/yoast.com\/product\/yoast-seo-wordpress\/ -->\n<title>Obchodn\u00ed podm\u00ednky - ludens.cz<\/title>\n<meta name=\"robots\" content=\"index, follow, max-snippet:-1, max-image-preview:large, max-video-preview:-1\" \/>\n<link rel=\"canonical\" href=\"https:\/\/ludens.cz\/en\/obchodnipodminky\/\" \/>\n<meta property=\"og:locale\" content=\"en_US\" \/>\n<meta property=\"og:type\" content=\"article\" \/>\n<meta property=\"og:title\" content=\"Obchodn\u00ed podm\u00ednky - ludens.cz\" \/>\n<meta property=\"og:description\" content=\"Obchodn\u00ed podm\u00ednky Tyto obchodn\u00ed podm\u00ednky (\u201ePodm\u00ednky\u201c) se t\u00fdkaj\u00ed vztah\u016f uzav\u00edran\u00fdch mezi v\u00e1mi jako z\u00e1kazn\u00edkem a spole\u010dnost\u00ed Mgr. Jakub Vondr\u00e1\u0161ek., se s\u00eddlem E. Bene\u0161e 53, P\u0159\u00edbram , 261 01, \u010cesk\u00e1 republika, DI\u010c: CZ9309021205, I\u010c: 08502412, zapsanou v \u017eivnostensk\u00e9m rejst\u0159\u00edku veden\u00e9m, kter\u00e1 v\u00e1m poskytuje \u00fanikov\u00e9 hry. Obsah Her naleznete na na\u0161ich internetov\u00fdch str\u00e1nk\u00e1ch ludens.cz P\u0159ed rezervac\u00ed Hry [&hellip;]\" \/>\n<meta property=\"og:url\" content=\"https:\/\/ludens.cz\/en\/obchodnipodminky\/\" \/>\n<meta property=\"og:site_name\" content=\"ludens.cz\" \/>\n<meta property=\"article:publisher\" content=\"https:\/\/www.facebook.com\/ludens.cz\/\" \/>\n<meta property=\"article:modified_time\" content=\"2022-10-07T09:02:42+00:00\" \/>\n<meta name=\"twitter:card\" content=\"summary_large_image\" \/>\n<meta name=\"twitter:label1\" content=\"Est. reading time\" \/>\n\t<meta name=\"twitter:data1\" content=\"5 minutes\" \/>\n<script type=\"application\/ld+json\" class=\"yoast-schema-graph\">{\"@context\":\"https:\\\/\\\/schema.org\",\"@graph\":[{\"@type\":\"WebPage\",\"@id\":\"https:\\\/\\\/ludens.cz\\\/obchodnipodminky\\\/\",\"url\":\"https:\\\/\\\/ludens.cz\\\/obchodnipodminky\\\/\",\"name\":\"Obchodn\u00ed podm\u00ednky - ludens.cz\",\"isPartOf\":{\"@id\":\"https:\\\/\\\/ludens.cz\\\/#website\"},\"datePublished\":\"2022-07-13T11:07:15+00:00\",\"dateModified\":\"2022-10-07T09:02:42+00:00\",\"breadcrumb\":{\"@id\":\"https:\\\/\\\/ludens.cz\\\/obchodnipodminky\\\/#breadcrumb\"},\"inLanguage\":\"en-US\",\"potentialAction\":[{\"@type\":\"ReadAction\",\"target\":[\"https:\\\/\\\/ludens.cz\\\/obchodnipodminky\\\/\"]}]},{\"@type\":\"BreadcrumbList\",\"@id\":\"https:\\\/\\\/ludens.cz\\\/obchodnipodminky\\\/#breadcrumb\",\"itemListElement\":[{\"@type\":\"ListItem\",\"position\":1,\"name\":\"Dom\u016f\",\"item\":\"https:\\\/\\\/ludens.cz\\\/\"},{\"@type\":\"ListItem\",\"position\":2,\"name\":\"Obchodn\u00ed podm\u00ednky\"}]},{\"@type\":\"WebSite\",\"@id\":\"https:\\\/\\\/ludens.cz\\\/#website\",\"url\":\"https:\\\/\\\/ludens.cz\\\/\",\"name\":\"ludens.cz\",\"description\":\"\u00fanikov\u00e9 hry a firemn\u00ed akce\",\"publisher\":{\"@id\":\"https:\\\/\\\/ludens.cz\\\/#organization\"},\"potentialAction\":[{\"@type\":\"SearchAction\",\"target\":{\"@type\":\"EntryPoint\",\"urlTemplate\":\"https:\\\/\\\/ludens.cz\\\/?s={search_term_string}\"},\"query-input\":{\"@type\":\"PropertyValueSpecification\",\"valueRequired\":true,\"valueName\":\"search_term_string\"}}],\"inLanguage\":\"en-US\"},{\"@type\":\"Organization\",\"@id\":\"https:\\\/\\\/ludens.cz\\\/#organization\",\"name\":\"Ludens\",\"url\":\"https:\\\/\\\/ludens.cz\\\/\",\"logo\":{\"@type\":\"ImageObject\",\"inLanguage\":\"en-US\",\"@id\":\"https:\\\/\\\/ludens.cz\\\/#\\\/schema\\\/logo\\\/image\\\/\",\"url\":\"https:\\\/\\\/ludens.cz\\\/wp-content\\\/uploads\\\/2019\\\/10\\\/ludens_logo_cmyk-na_bile.png\",\"contentUrl\":\"https:\\\/\\\/ludens.cz\\\/wp-content\\\/uploads\\\/2019\\\/10\\\/ludens_logo_cmyk-na_bile.png\",\"width\":1541,\"height\":681,\"caption\":\"Ludens\"},\"image\":{\"@id\":\"https:\\\/\\\/ludens.cz\\\/#\\\/schema\\\/logo\\\/image\\\/\"},\"sameAs\":[\"https:\\\/\\\/www.facebook.com\\\/ludens.cz\\\/\"]}]}<\/script>\n<!-- \/ Yoast SEO plugin. -->","yoast_head_json":{"title":"Obchodn\u00ed podm\u00ednky - ludens.cz","robots":{"index":"index","follow":"follow","max-snippet":"max-snippet:-1","max-image-preview":"max-image-preview:large","max-video-preview":"max-video-preview:-1"},"canonical":"https:\/\/ludens.cz\/en\/obchodnipodminky\/","og_locale":"en_US","og_type":"article","og_title":"Obchodn\u00ed podm\u00ednky - ludens.cz","og_description":"Obchodn\u00ed podm\u00ednky Tyto obchodn\u00ed podm\u00ednky (\u201ePodm\u00ednky\u201c) se t\u00fdkaj\u00ed vztah\u016f uzav\u00edran\u00fdch mezi v\u00e1mi jako z\u00e1kazn\u00edkem a spole\u010dnost\u00ed Mgr. Jakub Vondr\u00e1\u0161ek., se s\u00eddlem E. Bene\u0161e 53, P\u0159\u00edbram , 261 01, \u010cesk\u00e1 republika, DI\u010c: CZ9309021205, I\u010c: 08502412, zapsanou v \u017eivnostensk\u00e9m rejst\u0159\u00edku veden\u00e9m, kter\u00e1 v\u00e1m poskytuje \u00fanikov\u00e9 hry. Obsah Her naleznete na na\u0161ich internetov\u00fdch str\u00e1nk\u00e1ch ludens.cz P\u0159ed rezervac\u00ed Hry [&hellip;]","og_url":"https:\/\/ludens.cz\/en\/obchodnipodminky\/","og_site_name":"ludens.cz","article_publisher":"https:\/\/www.facebook.com\/ludens.cz\/","article_modified_time":"2022-10-07T09:02:42+00:00","twitter_card":"summary_large_image","twitter_misc":{"Est. reading time":"5 minutes"},"schema":{"@context":"https:\/\/schema.org","@graph":[{"@type":"WebPage","@id":"https:\/\/ludens.cz\/obchodnipodminky\/","url":"https:\/\/ludens.cz\/obchodnipodminky\/","name":"Obchodn\u00ed podm\u00ednky - ludens.cz","isPartOf":{"@id":"https:\/\/ludens.cz\/#website"},"datePublished":"2022-07-13T11:07:15+00:00","dateModified":"2022-10-07T09:02:42+00:00","breadcrumb":{"@id":"https:\/\/ludens.cz\/obchodnipodminky\/#breadcrumb"},"inLanguage":"en-US","potentialAction":[{"@type":"ReadAction","target":["https:\/\/ludens.cz\/obchodnipodminky\/"]}]},{"@type":"BreadcrumbList","@id":"https:\/\/ludens.cz\/obchodnipodminky\/#breadcrumb","itemListElement":[{"@type":"ListItem","position":1,"name":"Dom\u016f","item":"https:\/\/ludens.cz\/"},{"@type":"ListItem","position":2,"name":"Obchodn\u00ed podm\u00ednky"}]},{"@type":"WebSite","@id":"https:\/\/ludens.cz\/#website","url":"https:\/\/ludens.cz\/","name":"ludens.cz","description":"\u00fanikov\u00e9 hry a firemn\u00ed akce","publisher":{"@id":"https:\/\/ludens.cz\/#organization"},"potentialAction":[{"@type":"SearchAction","target":{"@type":"EntryPoint","urlTemplate":"https:\/\/ludens.cz\/?s={search_term_string}"},"query-input":{"@type":"PropertyValueSpecification","valueRequired":true,"valueName":"search_term_string"}}],"inLanguage":"en-US"},{"@type":"Organization","@id":"https:\/\/ludens.cz\/#organization","name":"Ludens","url":"https:\/\/ludens.cz\/","logo":{"@type":"ImageObject","inLanguage":"en-US","@id":"https:\/\/ludens.cz\/#\/schema\/logo\/image\/","url":"https:\/\/ludens.cz\/wp-content\/uploads\/2019\/10\/ludens_logo_cmyk-na_bile.png","contentUrl":"https:\/\/ludens.cz\/wp-content\/uploads\/2019\/10\/ludens_logo_cmyk-na_bile.png","width":1541,"height":681,"caption":"Ludens"},"image":{"@id":"https:\/\/ludens.cz\/#\/schema\/logo\/image\/"},"sameAs":["https:\/\/www.facebook.com\/ludens.cz\/"]}]}},"jetpack_sharing_enabled":true,"_links":{"self":[{"href":"https:\/\/ludens.cz\/en\/wp-json\/wp\/v2\/pages\/665","targetHints":{"allow":["GET"]}}],"collection":[{"href":"https:\/\/ludens.cz\/en\/wp-json\/wp\/v2\/pages"}],"about":[{"href":"https:\/\/ludens.cz\/en\/wp-json\/wp\/v2\/types\/page"}],"author":[{"embeddable":true,"href":"https:\/\/ludens.cz\/en\/wp-json\/wp\/v2\/users\/1"}],"replies":[{"embeddable":true,"href":"https:\/\/ludens.cz\/en\/wp-json\/wp\/v2\/comments?post=665"}],"version-history":[{"count":4,"href":"https:\/\/ludens.cz\/en\/wp-json\/wp\/v2\/pages\/665\/revisions"}],"predecessor-version":[{"id":1402,"href":"https:\/\/ludens.cz\/en\/wp-json\/wp\/v2\/pages\/665\/revisions\/1402"}],"wp:attachment":[{"href":"https:\/\/ludens.cz\/en\/wp-json\/wp\/v2\/media?parent=665"}],"curies":[{"name":"wp","href":"https:\/\/api.w.org\/{rel}","templated":true}]}}