{"id":1523,"date":"2022-11-07T10:45:07","date_gmt":"2022-11-07T09:45:07","guid":{"rendered":"https:\/\/ludens.cz\/?page_id=1523"},"modified":"2022-11-07T18:41:26","modified_gmt":"2022-11-07T17:41:26","slug":"bitcoin","status":"publish","type":"page","link":"https:\/\/ludens.cz\/en\/bitcoin\/","title":{"rendered":"P\u0159ij\u00edm\u00e1me Bitcoin"},"content":{"rendered":"<div data-elementor-type=\"wp-page\" data-elementor-id=\"1523\" class=\"elementor elementor-1523\">\n\t\t\t\t\t\t<section class=\"elementor-section elementor-top-section elementor-element elementor-element-b71df4a elementor-section-boxed elementor-section-height-default elementor-section-height-default\" data-id=\"b71df4a\" data-element_type=\"section\" data-e-type=\"section\">\n\t\t\t\t\t\t<div class=\"elementor-container elementor-column-gap-default\">\n\t\t\t\t\t<div class=\"elementor-column elementor-col-100 elementor-top-column elementor-element elementor-element-979b199\" data-id=\"979b199\" data-element_type=\"column\" data-e-type=\"column\">\n\t\t\t<div class=\"elementor-widget-wrap elementor-element-populated\">\n\t\t\t\t\t\t<div class=\"elementor-element elementor-element-888a2f1 elementor-widget elementor-widget-heading\" data-id=\"888a2f1\" data-element_type=\"widget\" data-e-type=\"widget\" data-widget_type=\"heading.default\">\n\t\t\t\t<div class=\"elementor-widget-container\">\n\t\t\t\t\t<h1 class=\"elementor-heading-title elementor-size-default\">We accept Bitcoin payments<\/h1>\t\t\t\t<\/div>\n\t\t\t\t<\/div>\n\t\t\t\t<div class=\"elementor-element elementor-element-403a1c8 elementor-widget elementor-widget-text-editor\" data-id=\"403a1c8\" data-element_type=\"widget\" data-e-type=\"widget\" data-widget_type=\"text-editor.default\">\n\t\t\t\t<div class=\"elementor-widget-container\">\n\t\t\t\t\t\t\t\t\t<p>Za v\u0161echny na\u0161e slu\u017eby m\u016f\u017eete platit Bitcoinem a to ve form\u011b On-chain i Lightning network.<br><span style=\"font-style: inherit; font-weight: inherit; color: var( --e-global-color-text ); background-color: var( --e-global-color-012f474 );\">&nbsp;P\u0159i n\u00e1kupu na na\u0161em eshopu sta\u010d\u00ed zvolit platbu p\u0159es BTCPayserver. Pro dal\u0161\u00ed slu\u017eby je platba na individu\u00e1ln\u00ed domluv\u011b.&nbsp;<\/span><\/p>\t\t\t\t\t\t\t\t<\/div>\n\t\t\t\t<\/div>\n\t\t\t\t<div class=\"elementor-element elementor-element-47b7b76 elementor-widget elementor-widget-heading\" data-id=\"47b7b76\" data-element_type=\"widget\" data-e-type=\"widget\" data-widget_type=\"heading.default\">\n\t\t\t\t<div class=\"elementor-widget-container\">\n\t\t\t\t\t<h2 class=\"elementor-heading-title elementor-size-default\">Co je Bitcoin?<\/h2>\t\t\t\t<\/div>\n\t\t\t\t<\/div>\n\t\t\t\t<div class=\"elementor-element elementor-element-6791da9 elementor-widget elementor-widget-text-editor\" data-id=\"6791da9\" data-element_type=\"widget\" data-e-type=\"widget\" data-widget_type=\"text-editor.default\">\n\t\t\t\t<div class=\"elementor-widget-container\">\n\t\t\t\t\t\t\t\t\t<p>Bitcoin je platebn\u00ed s\u00ed\u0165, kter\u00e1 slou\u017e\u00ed ke zprost\u0159edkov\u00e1n\u00ed plateb p\u0159\u00edmo mezi klienty, tedy bez zprost\u0159edkovatele takzvan\u011b peer-to-peer. V t\u00e9to s\u00edti nen\u00ed pro jej\u00ed fungov\u00e1n\u00ed pot\u0159eba d\u016fv\u011bra v n\u011bjakou centr\u00e1ln\u00ed entitu, jako je nap\u0159\u00edklad st\u00e1t. Zamyslete se sami, jak\u00e9 je hodnota pap\u00edrk\u016f ve va\u0161\u00ed pen\u011b\u017eence a kdo tuto hodnotu ur\u010duje.\u00a0<\/p><p>Jednotliv\u00e9 transakce na t\u00e9to s\u00edti jsou zapisov\u00e1ny do \u0159ady za sebe a tvo\u0159\u00ed takzvan\u00fd blockchain, co\u017e je v podstat\u011b otev\u0159en\u00e1 \u00fa\u010detn\u00ed kniha v\u0161ech transakc\u00ed, kter\u00e9 kdy na v bitcoinu prob\u011bhly. Nov\u00e9 transakce, v\u011bt\u0161inou se jedn\u00e1 o soubor n\u011bkolika r\u016fzn\u00fdch transakc\u00ed neboli blok (proto blockchain),\u00a0 jsou do blockchainu zapisov\u00e1ny zhruba ka\u017ed\u00fdch 10 minut. Aby mohl b\u00fdt blok p\u0159ips\u00e1n k blockchainu m\u016fs\u00ed b\u00fdt potvrzen slo\u017eitou matematickou funkc\u00ed. To zaji\u0161\u0165uj\u00ed takzvan\u00ed t\u011b\u017ea\u0159i, provozovatel\u00e9 v\u00fdkonn\u00fdch po\u010d\u00edta\u010d\u016f, kter\u00e9 vypo\u010d\u00edt\u00e1vaj\u00ed tuto funkci. T\u011b\u017ea\u0159i mezi sebou sout\u011b\u017e\u00ed, o to kdo funkci vypo\u010dte nejrychleji, ten m\u016f\u017ee zapsat dal\u0161\u00ed blok. Za to mu p\u0159ipad\u00e1 odm\u011bna v Bitcoinu. Tato odm\u011bna je tvo\u0159ena dv\u011bma \u010d\u00e1stmi. Zaprv\u00e9 to jsou poplatky, kter\u00e9 plat\u00ed u\u017eivatele za mo\u017enost zapsan\u00ed transakce do blockchainu a\u00a0 zadruh\u00e9 nov\u011b vznikl\u00e9 Bitcoiny. Odm\u011bna t\u011b\u017ea\u0159\u016fm je tak\u00e9 jedin\u00e1 mo\u017enost jak mohou vznikat nov\u00e9 Bitcoiny. Tato odm\u011bna se ka\u017ed\u00e9 4 roky zmen\u0161uje o polovinu, a\u017e bude t\u00e9m\u011b\u0159 zanedbateln\u00e1 a hlavn\u00ed \u010d\u00e1st\u00ed odm\u011bny budou poplatky.\u00a0<\/p><p>Sout\u011b\u017e t\u011b\u017ea\u0159\u016f zaji\u0161\u0165uje bezpe\u010dnost t\u00e9to platebn\u00ed s\u00edt\u011b. P\u0159i sv\u00e9m \u00fasil\u00ed potvrdit dal\u0161\u00ed blok nesou t\u011b\u017ea\u0159i n\u00e1klady na po\u0159\u00edzen\u00ed a provoz po\u010d\u00edta\u010d\u016f. Pokud by cht\u011bl n\u011bkdo manipulovat daty v s\u00edti, musel by vl\u00e1dnout nadpolovi\u010dn\u00ed v\u011bt\u0161inou po\u010d\u00edta\u010dov\u00e9ho v\u00fdkonu cel\u00e9 s\u00edt\u011b. Co\u017e by bylo nep\u0159edstaviteln\u011b drah\u00e9, ne-li nemo\u017en\u00e9.\u00a0<\/p><p>Krom\u011b decentralizace m\u016f\u017eeme oproti klasick\u00e9mu m\u011bnov\u00e9mu syst\u00e9mu vid\u011bt v Bitcoinu dal\u0161\u00ed v\u00fdhody. Nap\u0159\u00edklad se jedn\u00e1 v podstat\u011b o glob\u00e1ln\u00ed m\u011bnu. Komunita p\u0159\u00edznivc\u016f Bitcoinu je u\u017e opravdu velk\u00e1 a vy tak m\u016f\u017eete bitcoinem zaplatit nebo jej sm\u011bnit asi v kter\u00e9mkoliv st\u00e1t\u011b (rozhodn\u011b snadn\u011bji ne\u017e \u010ceskou korunu). Platba Bitcoinem je nepad\u011blateln\u00e1. Samy si kdykoliv m\u016f\u017eete ov\u011b\u0159it, \u017ee va\u0161e transakce je opravdu zapsan\u00e1 na blockchainu. Mezi bitcoinery je za obrovskou v\u00fdhodu oproti klasick\u00e9 m\u011bn\u011b pova\u017eov\u00e1na p\u0159edem ur\u010den\u00e1 inflace. Bitcoinu toti\u017e nikdy nebude v\u00edce ne\u017e 21 milion\u016f (teoreticky by mohlo b\u00fdt v\u00edce bitcoin\u016f, ale musela by se na tom domluvit v\u011bt\u0161ina s\u00edt\u011b).<\/p><p>\u00a0<\/p>\t\t\t\t\t\t\t\t<\/div>\n\t\t\t\t<\/div>\n\t\t\t\t<div class=\"elementor-element elementor-element-ba4602b elementor-widget elementor-widget-heading\" data-id=\"ba4602b\" data-element_type=\"widget\" data-e-type=\"widget\" data-widget_type=\"heading.default\">\n\t\t\t\t<div class=\"elementor-widget-container\">\n\t\t\t\t\t<h2 class=\"elementor-heading-title elementor-size-default\">Co je Lightning network?<\/h2>\t\t\t\t<\/div>\n\t\t\t\t<\/div>\n\t\t\t\t<div class=\"elementor-element elementor-element-e377b8e elementor-widget elementor-widget-text-editor\" data-id=\"e377b8e\" data-element_type=\"widget\" data-e-type=\"widget\" data-widget_type=\"text-editor.default\">\n\t\t\t\t<div class=\"elementor-widget-container\">\n\t\t\t\t\t\t\t\t\t<p><span style=\"color: #434343; font-family: Arimo, Helvetica, sans-serif;\">Transakce na bitcoinov\u00e9 s\u00edti mohou b\u00fdt pom\u011brn\u011b zdlouhav\u00e9, proto\u017ee blok se zapisuje ka\u017ed\u00fdch 10 minut a v bloku je m\u00edsto pouze pro n\u011bkolik transakc\u00ed. V dob\u011b velk\u00e9ho provozu na bitcoinu mohou b\u00fdt poplatky za transakci pom\u011brn\u011b vysok\u00e9. Proto je tu\u00a0<\/span><span style=\"color: #434343; font-family: Arimo, Helvetica, sans-serif; font-style: inherit; font-weight: inherit; background-color: var( --e-global-color-012f474 );\">Lightning Network (LN).\u00a0 Lightnind jsou bitcoiny, jejich\u017e pohyb nen\u00ed neust\u00e1le zapisov\u00e1n na blockchain. Jedn\u00e1 se o takzvanou druhou vrstvu Bitcoinu. Na blockchain se jen jednou za \u010das nap\u00ed\u0161e nov\u00fd stav \u00fa\u010dtu. D\u00edky tomu jsou transakce bitcoinem na Lightning Network velmi rychl\u00e9 (transakce zabere p\u00e1r vte\u0159in) a levn\u00e9 (n\u00e1klad na b\u011b\u017enou transakci je v \u0159\u00e1dech hal\u00ed\u0159\u016f).\u00a0 LN platby jsou tak vhodn\u00e9 na denn\u00ed spot\u0159ebu. LN sice nezaru\u010duje takovou bezpe\u010dnost jako samotn\u00fd bitcoin, ale je u\u017eivatelsky p\u0159\u00edv\u011btiv\u011bj\u0161\u00ed pro drobn\u00e9 platby. LN by se dal p\u0159irovnat k hotovosti, kterou m\u00e1te v pen\u011b\u017eence a bitcoin k pen\u011bz\u016fm na \u00fa\u010dtu.\u00a0\u00a0<\/span><\/p><p>\u00a0<\/p>\t\t\t\t\t\t\t\t<\/div>\n\t\t\t\t<\/div>\n\t\t\t\t<div class=\"elementor-element elementor-element-f80fd00 elementor-widget elementor-widget-heading\" data-id=\"f80fd00\" data-element_type=\"widget\" data-e-type=\"widget\" data-widget_type=\"heading.default\">\n\t\t\t\t<div class=\"elementor-widget-container\">\n\t\t\t\t\t<h2 class=\"elementor-heading-title elementor-size-default\">Pro\u010d p\u0159ij\u00edm\u00e1me Bitcoin?<\/h2>\t\t\t\t<\/div>\n\t\t\t\t<\/div>\n\t\t\t\t<div class=\"elementor-element elementor-element-3b52b5a elementor-widget elementor-widget-text-editor\" data-id=\"3b52b5a\" data-element_type=\"widget\" data-e-type=\"widget\" data-widget_type=\"text-editor.default\">\n\t\t\t\t<div class=\"elementor-widget-container\">\n\t\t\t\t\t\t\t\t\t<p><span style=\"color: #434343; font-family: Arimo, Helvetica, sans-serif;\">Nen\u00ed n\u00e1m lhostejn\u00e1 manipulace centr\u00e1ln\u00edch bank s b\u011b\u017en\u00fdm pen\u011b\u017en\u00edm syst\u00e9mem. V\u011b\u0159\u00edme, \u017ee bitcoin je mo\u017enost\u00ed jak se osvobodit manipulac\u00ed, kter\u00e9 mo\u017en\u00e1 n\u011bkdo mysl\u00ed dob\u0159e, ale ne v\u017edy to dob\u0159e vyjde. Tisknut\u00ed pen\u011bz v\u017edy \u010dinn\u00ed bohat\u0161\u00ed bohat\u0161\u00edmi a chud\u00e9 chud\u0161\u00edmi. Proto jsme se rozhodli podpo\u0159it r\u016fst bitcoinov\u00e9 komunity p\u0159ij\u00edm\u00e1n\u00edm plateb v bitcoinu.\u00a0<\/span><\/p><p>\u00a0<\/p>\t\t\t\t\t\t\t\t<\/div>\n\t\t\t\t<\/div>\n\t\t\t\t<div class=\"elementor-element elementor-element-91ec629 elementor-widget elementor-widget-heading\" data-id=\"91ec629\" data-element_type=\"widget\" data-e-type=\"widget\" data-widget_type=\"heading.default\">\n\t\t\t\t<div class=\"elementor-widget-container\">\n\t\t\t\t\t<h2 class=\"elementor-heading-title elementor-size-default\">Chcete se o Bitcoinu dozv\u011bd\u011bt v\u00edce?<\/h2>\t\t\t\t<\/div>\n\t\t\t\t<\/div>\n\t\t\t\t<div class=\"elementor-element elementor-element-7adb20b elementor-widget elementor-widget-text-editor\" data-id=\"7adb20b\" data-element_type=\"widget\" data-e-type=\"widget\" data-widget_type=\"text-editor.default\">\n\t\t\t\t<div class=\"elementor-widget-container\">\n\t\t\t\t\t\t\t\t\t<p><span style=\"color: #434343; font-family: Arimo, Helvetica, sans-serif;\">V \u010cesku m\u00e1 bitcoin pom\u011brn\u011b dlouhou tradici. U n\u00e1s se uskute\u010dnila prvn\u00ed bitcoinov\u00e1 konference. \u010ce\u0161i a Slov\u00e1ci vynalezli prvn\u00ed hardwarovou pen\u011b\u017eenku. Nejenom proto naleznete spoustu kvalitn\u00edch zdroj\u016f o bitcoinu v \u010de\u0161tin\u011b. M\u016f\u017eete nap\u0159\u00edklad sledovat&nbsp;<\/span><a href=\"https:\/\/www.youtube.com\/watch?v=Z92ADb5i42s&amp;list=PLiD1OrtvRy70RQ8k5HH0E3vHQPpEIJJhZ\" target=\"_blank\" rel=\"noopener\">Bitcoinovej kan\u00e1l<\/a><span style=\"color: #434343; font-family: Arimo, Helvetica, sans-serif;\"> na Youtube. Nebo si zdarma st\u00e1hnou knihy od Braiins, <a href=\"https:\/\/cs.braiins.com\/blog\/odluka-penez-od-statu-kniha-josef-tetek\" target=\"_blank\" rel=\"noopener\">Odluka pen\u011bz od st\u00e1tu<\/a> \u010di <a href=\"https:\/\/cs.braiins.com\/blog\/vynalez-jmenem-bitcoin\" target=\"_blank\" rel=\"noopener\">Vyn\u00e1lez jm\u00e9nem Bitcoin<\/a>.<\/span><\/p>\t\t\t\t\t\t\t\t<\/div>\n\t\t\t\t<\/div>\n\t\t\t\t\t<\/div>\n\t\t<\/div>\n\t\t\t\t\t<\/div>\n\t\t<\/section>\n\t\t\t\t<\/div>","protected":false},"excerpt":{"rendered":"<p>P\u0159ij\u00edm\u00e1me platby Bitcoinem Za v\u0161echny na\u0161e slu\u017eby m\u016f\u017eete platit Bitcoinem a to ve form\u011b On-chain i Lightning network.&nbsp;P\u0159i n\u00e1kupu na na\u0161em eshopu sta\u010d\u00ed zvolit platbu p\u0159es BTCPayserver. Pro dal\u0161\u00ed slu\u017eby je platba na individu\u00e1ln\u00ed domluv\u011b.&nbsp; Co je Bitcoin? Bitcoin je platebn\u00ed s\u00ed\u0165, kter\u00e1 slou\u017e\u00ed ke zprost\u0159edkov\u00e1n\u00ed plateb p\u0159\u00edmo mezi klienty, tedy bez zprost\u0159edkovatele takzvan\u011b peer-to-peer. [&hellip;]<\/p>\n","protected":false},"author":1,"featured_media":0,"parent":0,"menu_order":0,"comment_status":"closed","ping_status":"closed","template":"elementor_header_footer","meta":{"site-sidebar-layout":"no-sidebar","site-content-layout":"page-builder","ast-site-content-layout":"default","site-content-style":"default","site-sidebar-style":"default","ast-global-header-display":"","ast-banner-title-visibility":"","ast-main-header-display":"","ast-hfb-above-header-display":"","ast-hfb-below-header-display":"","ast-hfb-mobile-header-display":"","site-post-title":"disabled","ast-breadcrumbs-content":"","ast-featured-img":"disabled","footer-sml-layout":"","ast-disable-related-posts":"","theme-transparent-header-meta":"","adv-header-id-meta":"","stick-header-meta":"","header-above-stick-meta":"","header-main-stick-meta":"","header-below-stick-meta":"","astra-migrate-meta-layouts":"default","ast-page-background-enabled":"default","ast-page-background-meta":{"desktop":{"background-color":"var(--ast-global-color-4)","background-image":"","background-repeat":"repeat","background-position":"center center","background-size":"auto","background-attachment":"scroll","background-type":"","background-media":"","overlay-type":"","overlay-color":"","overlay-opacity":"","overlay-gradient":""},"tablet":{"background-color":"","background-image":"","background-repeat":"repeat","background-position":"center center","background-size":"auto","background-attachment":"scroll","background-type":"","background-media":"","overlay-type":"","overlay-color":"","overlay-opacity":"","overlay-gradient":""},"mobile":{"background-color":"","background-image":"","background-repeat":"repeat","background-position":"center center","background-size":"auto","background-attachment":"scroll","background-type":"","background-media":"","overlay-type":"","overlay-color":"","overlay-opacity":"","overlay-gradient":""}},"ast-content-background-meta":{"desktop":{"background-color":"var(--ast-global-color-5)","background-image":"","background-repeat":"repeat","background-position":"center center","background-size":"auto","background-attachment":"scroll","background-type":"","background-media":"","overlay-type":"","overlay-color":"","overlay-opacity":"","overlay-gradient":""},"tablet":{"background-color":"var(--ast-global-color-5)","background-image":"","background-repeat":"repeat","background-position":"center center","background-size":"auto","background-attachment":"scroll","background-type":"","background-media":"","overlay-type":"","overlay-color":"","overlay-opacity":"","overlay-gradient":""},"mobile":{"background-color":"var(--ast-global-color-5)","background-image":"","background-repeat":"repeat","background-position":"center center","background-size":"auto","background-attachment":"scroll","background-type":"","background-media":"","overlay-type":"","overlay-color":"","overlay-opacity":"","overlay-gradient":""}},"footnotes":""},"class_list":["post-1523","page","type-page","status-publish","hentry"],"yoast_head":"<!-- This site is optimized with the Yoast SEO plugin v27.5 - https:\/\/yoast.com\/product\/yoast-seo-wordpress\/ -->\n<title>P\u0159ij\u00edm\u00e1me Bitcoin - ludens.cz<\/title>\n<meta name=\"robots\" content=\"index, follow, max-snippet:-1, max-image-preview:large, max-video-preview:-1\" \/>\n<link rel=\"canonical\" href=\"https:\/\/ludens.cz\/en\/bitcoin\/\" \/>\n<meta property=\"og:locale\" content=\"en_US\" \/>\n<meta property=\"og:type\" content=\"article\" \/>\n<meta property=\"og:title\" content=\"P\u0159ij\u00edm\u00e1me Bitcoin - ludens.cz\" \/>\n<meta property=\"og:description\" content=\"P\u0159ij\u00edm\u00e1me platby Bitcoinem Za v\u0161echny na\u0161e slu\u017eby m\u016f\u017eete platit Bitcoinem a to ve form\u011b On-chain i Lightning network.&nbsp;P\u0159i n\u00e1kupu na na\u0161em eshopu sta\u010d\u00ed zvolit platbu p\u0159es BTCPayserver. Pro dal\u0161\u00ed slu\u017eby je platba na individu\u00e1ln\u00ed domluv\u011b.&nbsp; Co je Bitcoin? Bitcoin je platebn\u00ed s\u00ed\u0165, kter\u00e1 slou\u017e\u00ed ke zprost\u0159edkov\u00e1n\u00ed plateb p\u0159\u00edmo mezi klienty, tedy bez zprost\u0159edkovatele takzvan\u011b peer-to-peer. [&hellip;]\" \/>\n<meta property=\"og:url\" content=\"https:\/\/ludens.cz\/en\/bitcoin\/\" \/>\n<meta property=\"og:site_name\" content=\"ludens.cz\" \/>\n<meta property=\"article:publisher\" content=\"https:\/\/www.facebook.com\/ludens.cz\/\" \/>\n<meta property=\"article:modified_time\" content=\"2022-11-07T17:41:26+00:00\" \/>\n<meta name=\"twitter:card\" content=\"summary_large_image\" \/>\n<meta name=\"twitter:label1\" content=\"Est. reading time\" \/>\n\t<meta name=\"twitter:data1\" content=\"4 minutes\" \/>\n<script type=\"application\/ld+json\" class=\"yoast-schema-graph\">{\"@context\":\"https:\\\/\\\/schema.org\",\"@graph\":[{\"@type\":\"WebPage\",\"@id\":\"https:\\\/\\\/ludens.cz\\\/bitcoin\\\/\",\"url\":\"https:\\\/\\\/ludens.cz\\\/bitcoin\\\/\",\"name\":\"P\u0159ij\u00edm\u00e1me Bitcoin - ludens.cz\",\"isPartOf\":{\"@id\":\"https:\\\/\\\/ludens.cz\\\/#website\"},\"datePublished\":\"2022-11-07T09:45:07+00:00\",\"dateModified\":\"2022-11-07T17:41:26+00:00\",\"breadcrumb\":{\"@id\":\"https:\\\/\\\/ludens.cz\\\/bitcoin\\\/#breadcrumb\"},\"inLanguage\":\"en-US\",\"potentialAction\":[{\"@type\":\"ReadAction\",\"target\":[\"https:\\\/\\\/ludens.cz\\\/bitcoin\\\/\"]}]},{\"@type\":\"BreadcrumbList\",\"@id\":\"https:\\\/\\\/ludens.cz\\\/bitcoin\\\/#breadcrumb\",\"itemListElement\":[{\"@type\":\"ListItem\",\"position\":1,\"name\":\"Dom\u016f\",\"item\":\"https:\\\/\\\/ludens.cz\\\/\"},{\"@type\":\"ListItem\",\"position\":2,\"name\":\"P\u0159ij\u00edm\u00e1me Bitcoin\"}]},{\"@type\":\"WebSite\",\"@id\":\"https:\\\/\\\/ludens.cz\\\/#website\",\"url\":\"https:\\\/\\\/ludens.cz\\\/\",\"name\":\"ludens.cz\",\"description\":\"\u00fanikov\u00e9 hry a firemn\u00ed akce\",\"publisher\":{\"@id\":\"https:\\\/\\\/ludens.cz\\\/#organization\"},\"potentialAction\":[{\"@type\":\"SearchAction\",\"target\":{\"@type\":\"EntryPoint\",\"urlTemplate\":\"https:\\\/\\\/ludens.cz\\\/?s={search_term_string}\"},\"query-input\":{\"@type\":\"PropertyValueSpecification\",\"valueRequired\":true,\"valueName\":\"search_term_string\"}}],\"inLanguage\":\"en-US\"},{\"@type\":\"Organization\",\"@id\":\"https:\\\/\\\/ludens.cz\\\/#organization\",\"name\":\"Ludens\",\"url\":\"https:\\\/\\\/ludens.cz\\\/\",\"logo\":{\"@type\":\"ImageObject\",\"inLanguage\":\"en-US\",\"@id\":\"https:\\\/\\\/ludens.cz\\\/#\\\/schema\\\/logo\\\/image\\\/\",\"url\":\"https:\\\/\\\/ludens.cz\\\/wp-content\\\/uploads\\\/2019\\\/10\\\/ludens_logo_cmyk-na_bile.png\",\"contentUrl\":\"https:\\\/\\\/ludens.cz\\\/wp-content\\\/uploads\\\/2019\\\/10\\\/ludens_logo_cmyk-na_bile.png\",\"width\":1541,\"height\":681,\"caption\":\"Ludens\"},\"image\":{\"@id\":\"https:\\\/\\\/ludens.cz\\\/#\\\/schema\\\/logo\\\/image\\\/\"},\"sameAs\":[\"https:\\\/\\\/www.facebook.com\\\/ludens.cz\\\/\"]}]}<\/script>\n<!-- \/ Yoast SEO plugin. -->","yoast_head_json":{"title":"P\u0159ij\u00edm\u00e1me Bitcoin - ludens.cz","robots":{"index":"index","follow":"follow","max-snippet":"max-snippet:-1","max-image-preview":"max-image-preview:large","max-video-preview":"max-video-preview:-1"},"canonical":"https:\/\/ludens.cz\/en\/bitcoin\/","og_locale":"en_US","og_type":"article","og_title":"P\u0159ij\u00edm\u00e1me Bitcoin - ludens.cz","og_description":"P\u0159ij\u00edm\u00e1me platby Bitcoinem Za v\u0161echny na\u0161e slu\u017eby m\u016f\u017eete platit Bitcoinem a to ve form\u011b On-chain i Lightning network.&nbsp;P\u0159i n\u00e1kupu na na\u0161em eshopu sta\u010d\u00ed zvolit platbu p\u0159es BTCPayserver. Pro dal\u0161\u00ed slu\u017eby je platba na individu\u00e1ln\u00ed domluv\u011b.&nbsp; Co je Bitcoin? Bitcoin je platebn\u00ed s\u00ed\u0165, kter\u00e1 slou\u017e\u00ed ke zprost\u0159edkov\u00e1n\u00ed plateb p\u0159\u00edmo mezi klienty, tedy bez zprost\u0159edkovatele takzvan\u011b peer-to-peer. [&hellip;]","og_url":"https:\/\/ludens.cz\/en\/bitcoin\/","og_site_name":"ludens.cz","article_publisher":"https:\/\/www.facebook.com\/ludens.cz\/","article_modified_time":"2022-11-07T17:41:26+00:00","twitter_card":"summary_large_image","twitter_misc":{"Est. reading time":"4 minutes"},"schema":{"@context":"https:\/\/schema.org","@graph":[{"@type":"WebPage","@id":"https:\/\/ludens.cz\/bitcoin\/","url":"https:\/\/ludens.cz\/bitcoin\/","name":"P\u0159ij\u00edm\u00e1me Bitcoin - ludens.cz","isPartOf":{"@id":"https:\/\/ludens.cz\/#website"},"datePublished":"2022-11-07T09:45:07+00:00","dateModified":"2022-11-07T17:41:26+00:00","breadcrumb":{"@id":"https:\/\/ludens.cz\/bitcoin\/#breadcrumb"},"inLanguage":"en-US","potentialAction":[{"@type":"ReadAction","target":["https:\/\/ludens.cz\/bitcoin\/"]}]},{"@type":"BreadcrumbList","@id":"https:\/\/ludens.cz\/bitcoin\/#breadcrumb","itemListElement":[{"@type":"ListItem","position":1,"name":"Dom\u016f","item":"https:\/\/ludens.cz\/"},{"@type":"ListItem","position":2,"name":"P\u0159ij\u00edm\u00e1me Bitcoin"}]},{"@type":"WebSite","@id":"https:\/\/ludens.cz\/#website","url":"https:\/\/ludens.cz\/","name":"ludens.cz","description":"\u00fanikov\u00e9 hry a firemn\u00ed akce","publisher":{"@id":"https:\/\/ludens.cz\/#organization"},"potentialAction":[{"@type":"SearchAction","target":{"@type":"EntryPoint","urlTemplate":"https:\/\/ludens.cz\/?s={search_term_string}"},"query-input":{"@type":"PropertyValueSpecification","valueRequired":true,"valueName":"search_term_string"}}],"inLanguage":"en-US"},{"@type":"Organization","@id":"https:\/\/ludens.cz\/#organization","name":"Ludens","url":"https:\/\/ludens.cz\/","logo":{"@type":"ImageObject","inLanguage":"en-US","@id":"https:\/\/ludens.cz\/#\/schema\/logo\/image\/","url":"https:\/\/ludens.cz\/wp-content\/uploads\/2019\/10\/ludens_logo_cmyk-na_bile.png","contentUrl":"https:\/\/ludens.cz\/wp-content\/uploads\/2019\/10\/ludens_logo_cmyk-na_bile.png","width":1541,"height":681,"caption":"Ludens"},"image":{"@id":"https:\/\/ludens.cz\/#\/schema\/logo\/image\/"},"sameAs":["https:\/\/www.facebook.com\/ludens.cz\/"]}]}},"jetpack_sharing_enabled":true,"_links":{"self":[{"href":"https:\/\/ludens.cz\/en\/wp-json\/wp\/v2\/pages\/1523","targetHints":{"allow":["GET"]}}],"collection":[{"href":"https:\/\/ludens.cz\/en\/wp-json\/wp\/v2\/pages"}],"about":[{"href":"https:\/\/ludens.cz\/en\/wp-json\/wp\/v2\/types\/page"}],"author":[{"embeddable":true,"href":"https:\/\/ludens.cz\/en\/wp-json\/wp\/v2\/users\/1"}],"replies":[{"embeddable":true,"href":"https:\/\/ludens.cz\/en\/wp-json\/wp\/v2\/comments?post=1523"}],"version-history":[{"count":10,"href":"https:\/\/ludens.cz\/en\/wp-json\/wp\/v2\/pages\/1523\/revisions"}],"predecessor-version":[{"id":1535,"href":"https:\/\/ludens.cz\/en\/wp-json\/wp\/v2\/pages\/1523\/revisions\/1535"}],"wp:attachment":[{"href":"https:\/\/ludens.cz\/en\/wp-json\/wp\/v2\/media?parent=1523"}],"curies":[{"name":"wp","href":"https:\/\/api.w.org\/{rel}","templated":true}]}}